{"id":2670,"date":"2024-03-01T13:18:44","date_gmt":"2024-03-01T12:18:44","guid":{"rendered":"https:\/\/008.fastflow.marketing\/shipping\/"},"modified":"2025-05-29T18:57:16","modified_gmt":"2025-05-29T16:57:16","slug":"shipping","status":"publish","type":"page","link":"https:\/\/monira-art.de\/en\/shipping\/","title":{"rendered":"Shipping:"},"content":{"rendered":"\t\t<div data-elementor-type=\"wp-page\" data-elementor-id=\"2670\" class=\"elementor elementor-2670 elementor-815\" data-elementor-post-type=\"page\">\n\t\t\t\t<div class=\"elementor-element elementor-element-e2a1238 e-flex e-con-boxed e-con e-parent\" data-id=\"e2a1238\" data-element_type=\"container\" data-e-type=\"container\">\n\t\t\t\t\t<div class=\"e-con-inner\">\n\t\t\t\t<div class=\"elementor-element elementor-element-d3b030a elementor-widget elementor-widget-heading\" data-id=\"d3b030a\" data-element_type=\"widget\" data-e-type=\"widget\" data-widget_type=\"heading.default\">\n\t\t\t\t<div class=\"elementor-widget-container\">\n\t\t\t\t\t<h2 class=\"elementor-heading-title elementor-size-default\">Shipping methods:<\/h2>\t\t\t\t<\/div>\n\t\t\t\t<\/div>\n\t\t\t\t<div class=\"elementor-element elementor-element-e35d440 elementor-widget elementor-widget-text-editor\" data-id=\"e35d440\" data-element_type=\"widget\" data-e-type=\"widget\" data-widget_type=\"text-editor.default\">\n\t\t\t\t<div class=\"elementor-widget-container\">\n\t\t\t\t\t\t\t\t\t<p>We ship our artwork and products exclusively as <b>insured parcels<\/b> with <b>DHL <\/b>or <b>GLS incl. Tracking number<\/b>.<\/p>\t\t\t\t\t\t\t\t<\/div>\n\t\t\t\t<\/div>\n\t\t\t\t<div class=\"elementor-element elementor-element-b908fb5 elementor-widget elementor-widget-heading\" data-id=\"b908fb5\" data-element_type=\"widget\" data-e-type=\"widget\" data-widget_type=\"heading.default\">\n\t\t\t\t<div class=\"elementor-widget-container\">\n\t\t\t\t\t<h2 class=\"elementor-heading-title elementor-size-default\">Countries we deliver to:<\/h2>\t\t\t\t<\/div>\n\t\t\t\t<\/div>\n\t\t\t\t<div class=\"elementor-element elementor-element-87477c7 elementor-widget elementor-widget-text-editor\" data-id=\"87477c7\" data-element_type=\"widget\" data-e-type=\"widget\" data-widget_type=\"text-editor.default\">\n\t\t\t\t<div class=\"elementor-widget-container\">\n\t\t\t\t\t\t\t\t\t<p>We deliver within <strong>Germany <\/strong>and <strong>worldwide<\/strong>, but at different costs. <\/p>\t\t\t\t\t\t\t\t<\/div>\n\t\t\t\t<\/div>\n\t\t\t\t<div class=\"elementor-element elementor-element-50499a5 elementor-widget elementor-widget-heading\" data-id=\"50499a5\" data-element_type=\"widget\" data-e-type=\"widget\" data-widget_type=\"heading.default\">\n\t\t\t\t<div class=\"elementor-widget-container\">\n\t\t\t\t\t<h2 class=\"elementor-heading-title elementor-size-default\">Shipping costs:<\/h2>\t\t\t\t<\/div>\n\t\t\t\t<\/div>\n\t\t\t\t<div class=\"elementor-element elementor-element-62e2de2 elementor-widget elementor-widget-text-editor\" data-id=\"62e2de2\" data-element_type=\"widget\" data-e-type=\"widget\" data-widget_type=\"text-editor.default\">\n\t\t\t\t<div class=\"elementor-widget-container\">\n\t\t\t\t\t\t\t\t\t<ul><li><strong>All print &amp; art products (except original paintings) within Germany: <\/strong><br>Free shipping<\/li><li><strong>All Print &amp; Art products within Europe<\/strong>: 9.90 Euro<\/li><li><strong>All Print &amp; Art products outside Europe (worldwide)<\/strong>: 29,90 Euro<\/li><li><strong>Original painting within Germany:<\/strong><br>19,90\u20ac<\/li><li><strong>Original painting outside Germany (worldwide):<\/strong><br>69,90\u20ac<\/li><\/ul><p> <\/p><ul><li><span style=\"text-decoration: underline;\">International Shipping<\/span><br>We offer worldwide shipping. International orders may be subject to customs duties or import taxes, which are the responsibility of the buyer. <\/li><\/ul>\t\t\t\t\t\t\t\t<\/div>\n\t\t\t\t<\/div>\n\t\t\t\t<div class=\"elementor-element elementor-element-7f7a788 elementor-widget elementor-widget-heading\" data-id=\"7f7a788\" data-element_type=\"widget\" data-e-type=\"widget\" data-widget_type=\"heading.default\">\n\t\t\t\t<div class=\"elementor-widget-container\">\n\t\t\t\t\t<h2 class=\"elementor-heading-title elementor-size-default\">Delivery time:<\/h2>\t\t\t\t<\/div>\n\t\t\t\t<\/div>\n\t\t\t\t<div class=\"elementor-element elementor-element-74a5563 elementor-widget elementor-widget-text-editor\" data-id=\"74a5563\" data-element_type=\"widget\" data-e-type=\"widget\" data-widget_type=\"text-editor.default\">\n\t\t\t\t<div class=\"elementor-widget-container\">\n\t\t\t\t\t\t\t\t\t<p><span style=\"text-decoration: underline;\">Processing time &amp; shipping time:<\/span><\/p><p>We take great care to pack your artwork carefully and ship it safely so that it arrives undamaged.<\/p><p><span style=\"text-decoration: underline;\">Here you can find our estimated delivery times:<\/span><\/p><p><span style=\"text-decoration: underline;\">Original Paintings:<\/span> 4-6 weeks for delivery.<\/p><p><span style=\"text-decoration: underline;\">Paper &amp; Canvas Prints:<\/span> Up to 2 weeks for delivery.<\/p><p>Please note that these times are approximate and may vary depending on location and delays caused by shipping service providers.<\/p><p><span style=\"text-decoration: underline;\">Shipment tracking: <\/span>As soon as your order has been shipped, you will receive an e-mail with a tracking number that you can use to track the shipment status.<\/p><p><span style=\"text-decoration: underline;\">Lost or damaged shipments:<\/span><br>If your order arrives damaged or does not arrive within the estimated time, please contact us at info@monira-art.de so that we can help you.<\/p><p>Thank you for your support and patience as we prepare and ship your artwork!<\/p>\t\t\t\t\t\t\t\t<\/div>\n\t\t\t\t<\/div>\n\t\t\t\t\t<\/div>\n\t\t\t\t<\/div>\n\t\t\t\t<\/div>\n\t\t","protected":false},"excerpt":{"rendered":"<p>Shipping methods: We ship our artwork and products exclusively as insured parcels with DHL or GLS incl. Tracking number. Countries we deliver to: We deliver within Germany and worldwide, but at different costs. Shipping costs: All print &amp; art products (except original paintings) within Germany: Free shipping All Print &amp; Art products within Europe: 9.90 [&hellip;]<\/p>\n","protected":false},"author":2,"featured_media":0,"parent":0,"menu_order":0,"comment_status":"closed","ping_status":"closed","template":"","meta":{"footnotes":""},"folder":[33],"class_list":["post-2670","page","type-page","status-publish","hentry"],"yoast_head":"<!-- This site is optimized with the Yoast SEO plugin v26.8 - https:\/\/yoast.com\/product\/yoast-seo-wordpress\/ -->\n<title>Shipping: | Monira Art<\/title>\n<meta name=\"description\" content=\"Originale Kunstwerke\u201eEntdecke einzigartige, originale Kunstwerke von Monira Art. Jedes St\u00fcck erz\u00e4hlt eine eigene Geschichte und bringt Farbe und Kreativit\u00e4t in dein Zuhause. Hol dir dein pers\u00f6nliches Kunstwerk noch heute!\u201cPrints und Artprodukte\u201eFinde hochwertige Kunstprints und kreative Artprodukte von Monira Art. Von limitieren Drucken bis zu praktischen Kunstobjekten \u2013 hier findest du Kunst f\u00fcr jedes Zuhause. Jetzt st\u00f6bern und dein Lieblingsst\u00fcck sichern!\u201c\u00dcber mich\u201eLerne Amelie Monira Egenolf und ihre Leidenschaft f\u00fcr Kunst kennen. Erfahrt mehr \u00fcber die K\u00fcnstlerin hinter Monira Art und ihre kreative Vision. Entdecke, wie ihre Werke entstehen und was sie inspiriert.\u201cEvents\u201eBleibe immer auf dem Laufenden \u00fcber aktuelle und vergangene Kunstausstellungen und Events von Monira Art. Verpasse keine kreativen Highlights und sei dabei, wenn Kunst lebendig wird.\u201cBlog\u201eLass dich von den neuesten Artikeln auf dem Monira Art Blog inspirieren. Erhalte Einblicke in Kunst, kreative Tipps und spannende Stories aus der Welt von Monira Art. Jetzt entdecken und mitgestalten!\u201cAuftragsarbeiten\u201eLass dir dein ganz pers\u00f6nliches Kunstwerk anfertigen! Monira Art bietet individuelle Auftragsarbeiten, die perfekt zu deinem Stil und Raum passen. Erf\u00fclle dir deinen Kunsttraum \u2013 jetzt anfragen!\u201c\" \/>\n<meta name=\"robots\" content=\"noindex, nofollow\" \/>\n<meta property=\"og:locale\" content=\"en_US\" \/>\n<meta property=\"og:type\" content=\"article\" \/>\n<meta property=\"og:title\" content=\"Shipping: | Monira Art\" \/>\n<meta property=\"og:description\" content=\"Originale Kunstwerke\u201eEntdecke einzigartige, originale Kunstwerke von Monira Art. Jedes St\u00fcck erz\u00e4hlt eine eigene Geschichte und bringt Farbe und Kreativit\u00e4t in dein Zuhause. Hol dir dein pers\u00f6nliches Kunstwerk noch heute!\u201cPrints und Artprodukte\u201eFinde hochwertige Kunstprints und kreative Artprodukte von Monira Art. Von limitieren Drucken bis zu praktischen Kunstobjekten \u2013 hier findest du Kunst f\u00fcr jedes Zuhause. Jetzt st\u00f6bern und dein Lieblingsst\u00fcck sichern!\u201c\u00dcber mich\u201eLerne Amelie Monira Egenolf und ihre Leidenschaft f\u00fcr Kunst kennen. Erfahrt mehr \u00fcber die K\u00fcnstlerin hinter Monira Art und ihre kreative Vision. Entdecke, wie ihre Werke entstehen und was sie inspiriert.\u201cEvents\u201eBleibe immer auf dem Laufenden \u00fcber aktuelle und vergangene Kunstausstellungen und Events von Monira Art. Verpasse keine kreativen Highlights und sei dabei, wenn Kunst lebendig wird.\u201cBlog\u201eLass dich von den neuesten Artikeln auf dem Monira Art Blog inspirieren. Erhalte Einblicke in Kunst, kreative Tipps und spannende Stories aus der Welt von Monira Art. Jetzt entdecken und mitgestalten!\u201cAuftragsarbeiten\u201eLass dir dein ganz pers\u00f6nliches Kunstwerk anfertigen! Monira Art bietet individuelle Auftragsarbeiten, die perfekt zu deinem Stil und Raum passen. Erf\u00fclle dir deinen Kunsttraum \u2013 jetzt anfragen!\u201c\" \/>\n<meta property=\"og:url\" content=\"https:\/\/monira-art.de\/en\/shipping\/\" \/>\n<meta property=\"og:site_name\" content=\"Monira Art\" \/>\n<meta property=\"article:publisher\" content=\"https:\/\/facebook.com\/MONIRAART8\" \/>\n<meta property=\"article:modified_time\" content=\"2025-05-29T16:57:16+00:00\" \/>\n<meta property=\"og:image\" content=\"https:\/\/monira-art.de\/wp-content\/uploads\/IMG_4405-rotated.jpg\" \/>\n\t<meta property=\"og:image:width\" content=\"480\" \/>\n\t<meta property=\"og:image:height\" content=\"640\" \/>\n\t<meta property=\"og:image:type\" content=\"image\/jpeg\" \/>\n<meta name=\"twitter:card\" content=\"summary_large_image\" \/>\n<script type=\"application\/ld+json\" class=\"yoast-schema-graph\">{\"@context\":\"https:\/\/schema.org\",\"@graph\":[{\"@type\":\"WebPage\",\"@id\":\"https:\/\/monira-art.de\/en\/shipping\/\",\"url\":\"https:\/\/monira-art.de\/en\/shipping\/\",\"name\":\"Shipping: | Monira Art\",\"isPartOf\":{\"@id\":\"https:\/\/monira-art.de\/#website\"},\"datePublished\":\"2024-03-01T12:18:44+00:00\",\"dateModified\":\"2025-05-29T16:57:16+00:00\",\"description\":\"Originale Kunstwerke\u201eEntdecke einzigartige, originale Kunstwerke von Monira Art. Jedes St\u00fcck erz\u00e4hlt eine eigene Geschichte und bringt Farbe und Kreativit\u00e4t in dein Zuhause. Hol dir dein pers\u00f6nliches Kunstwerk noch heute!\u201cPrints und Artprodukte\u201eFinde hochwertige Kunstprints und kreative Artprodukte von Monira Art. Von limitieren Drucken bis zu praktischen Kunstobjekten \u2013 hier findest du Kunst f\u00fcr jedes Zuhause. Jetzt st\u00f6bern und dein Lieblingsst\u00fcck sichern!\u201c\u00dcber mich\u201eLerne Amelie Monira Egenolf und ihre Leidenschaft f\u00fcr Kunst kennen. Erfahrt mehr \u00fcber die K\u00fcnstlerin hinter Monira Art und ihre kreative Vision. Entdecke, wie ihre Werke entstehen und was sie inspiriert.\u201cEvents\u201eBleibe immer auf dem Laufenden \u00fcber aktuelle und vergangene Kunstausstellungen und Events von Monira Art. Verpasse keine kreativen Highlights und sei dabei, wenn Kunst lebendig wird.\u201cBlog\u201eLass dich von den neuesten Artikeln auf dem Monira Art Blog inspirieren. Erhalte Einblicke in Kunst, kreative Tipps und spannende Stories aus der Welt von Monira Art. Jetzt entdecken und mitgestalten!\u201cAuftragsarbeiten\u201eLass dir dein ganz pers\u00f6nliches Kunstwerk anfertigen! Monira Art bietet individuelle Auftragsarbeiten, die perfekt zu deinem Stil und Raum passen. Erf\u00fclle dir deinen Kunsttraum \u2013 jetzt anfragen!\u201c\",\"breadcrumb\":{\"@id\":\"https:\/\/monira-art.de\/en\/shipping\/#breadcrumb\"},\"inLanguage\":\"en-US\",\"potentialAction\":[{\"@type\":\"ReadAction\",\"target\":[\"https:\/\/monira-art.de\/en\/shipping\/\"]}]},{\"@type\":\"BreadcrumbList\",\"@id\":\"https:\/\/monira-art.de\/en\/shipping\/#breadcrumb\",\"itemListElement\":[{\"@type\":\"ListItem\",\"position\":1,\"name\":\"Startseite\",\"item\":\"https:\/\/monira-art.de\/en\/home\/\"},{\"@type\":\"ListItem\",\"position\":2,\"name\":\"Shipping:\"}]},{\"@type\":\"WebSite\",\"@id\":\"https:\/\/monira-art.de\/#website\",\"url\":\"https:\/\/monira-art.de\/\",\"name\":\"Monira Art\",\"description\":\"\",\"publisher\":{\"@id\":\"https:\/\/monira-art.de\/#organization\"},\"potentialAction\":[{\"@type\":\"SearchAction\",\"target\":{\"@type\":\"EntryPoint\",\"urlTemplate\":\"https:\/\/monira-art.de\/?s={search_term_string}\"},\"query-input\":{\"@type\":\"PropertyValueSpecification\",\"valueRequired\":true,\"valueName\":\"search_term_string\"}}],\"inLanguage\":\"en-US\"},{\"@type\":\"Organization\",\"@id\":\"https:\/\/monira-art.de\/#organization\",\"name\":\"Monira Art\",\"alternateName\":\"Amelie Monira Egenolf\",\"url\":\"https:\/\/monira-art.de\/\",\"logo\":{\"@type\":\"ImageObject\",\"inLanguage\":\"en-US\",\"@id\":\"https:\/\/monira-art.de\/#\/schema\/logo\/image\/\",\"url\":\"https:\/\/monira-art.de\/wp-content\/uploads\/Mask-group-1.svg\",\"contentUrl\":\"https:\/\/monira-art.de\/wp-content\/uploads\/Mask-group-1.svg\",\"width\":182,\"height\":107,\"caption\":\"Monira Art\"},\"image\":{\"@id\":\"https:\/\/monira-art.de\/#\/schema\/logo\/image\/\"},\"sameAs\":[\"https:\/\/facebook.com\/MONIRAART8\",\"https:\/\/instagram.com\/moniraart\"]}]}<\/script>\n<!-- \/ Yoast SEO plugin. -->","yoast_head_json":{"title":"Shipping: | Monira Art","description":"Originale Kunstwerke\u201eEntdecke einzigartige, originale Kunstwerke von Monira Art. Jedes St\u00fcck erz\u00e4hlt eine eigene Geschichte und bringt Farbe und Kreativit\u00e4t in dein Zuhause. Hol dir dein pers\u00f6nliches Kunstwerk noch heute!\u201cPrints und Artprodukte\u201eFinde hochwertige Kunstprints und kreative Artprodukte von Monira Art. Von limitieren Drucken bis zu praktischen Kunstobjekten \u2013 hier findest du Kunst f\u00fcr jedes Zuhause. Jetzt st\u00f6bern und dein Lieblingsst\u00fcck sichern!\u201c\u00dcber mich\u201eLerne Amelie Monira Egenolf und ihre Leidenschaft f\u00fcr Kunst kennen. Erfahrt mehr \u00fcber die K\u00fcnstlerin hinter Monira Art und ihre kreative Vision. Entdecke, wie ihre Werke entstehen und was sie inspiriert.\u201cEvents\u201eBleibe immer auf dem Laufenden \u00fcber aktuelle und vergangene Kunstausstellungen und Events von Monira Art. Verpasse keine kreativen Highlights und sei dabei, wenn Kunst lebendig wird.\u201cBlog\u201eLass dich von den neuesten Artikeln auf dem Monira Art Blog inspirieren. Erhalte Einblicke in Kunst, kreative Tipps und spannende Stories aus der Welt von Monira Art. Jetzt entdecken und mitgestalten!\u201cAuftragsarbeiten\u201eLass dir dein ganz pers\u00f6nliches Kunstwerk anfertigen! Monira Art bietet individuelle Auftragsarbeiten, die perfekt zu deinem Stil und Raum passen. Erf\u00fclle dir deinen Kunsttraum \u2013 jetzt anfragen!\u201c","robots":{"index":"noindex","follow":"nofollow"},"og_locale":"en_US","og_type":"article","og_title":"Shipping: | Monira Art","og_description":"Originale Kunstwerke\u201eEntdecke einzigartige, originale Kunstwerke von Monira Art. Jedes St\u00fcck erz\u00e4hlt eine eigene Geschichte und bringt Farbe und Kreativit\u00e4t in dein Zuhause. Hol dir dein pers\u00f6nliches Kunstwerk noch heute!\u201cPrints und Artprodukte\u201eFinde hochwertige Kunstprints und kreative Artprodukte von Monira Art. Von limitieren Drucken bis zu praktischen Kunstobjekten \u2013 hier findest du Kunst f\u00fcr jedes Zuhause. Jetzt st\u00f6bern und dein Lieblingsst\u00fcck sichern!\u201c\u00dcber mich\u201eLerne Amelie Monira Egenolf und ihre Leidenschaft f\u00fcr Kunst kennen. Erfahrt mehr \u00fcber die K\u00fcnstlerin hinter Monira Art und ihre kreative Vision. Entdecke, wie ihre Werke entstehen und was sie inspiriert.\u201cEvents\u201eBleibe immer auf dem Laufenden \u00fcber aktuelle und vergangene Kunstausstellungen und Events von Monira Art. Verpasse keine kreativen Highlights und sei dabei, wenn Kunst lebendig wird.\u201cBlog\u201eLass dich von den neuesten Artikeln auf dem Monira Art Blog inspirieren. Erhalte Einblicke in Kunst, kreative Tipps und spannende Stories aus der Welt von Monira Art. Jetzt entdecken und mitgestalten!\u201cAuftragsarbeiten\u201eLass dir dein ganz pers\u00f6nliches Kunstwerk anfertigen! Monira Art bietet individuelle Auftragsarbeiten, die perfekt zu deinem Stil und Raum passen. Erf\u00fclle dir deinen Kunsttraum \u2013 jetzt anfragen!\u201c","og_url":"https:\/\/monira-art.de\/en\/shipping\/","og_site_name":"Monira Art","article_publisher":"https:\/\/facebook.com\/MONIRAART8","article_modified_time":"2025-05-29T16:57:16+00:00","og_image":[{"width":480,"height":640,"url":"https:\/\/monira-art.de\/wp-content\/uploads\/IMG_4405-rotated.jpg","type":"image\/jpeg"}],"twitter_card":"summary_large_image","schema":{"@context":"https:\/\/schema.org","@graph":[{"@type":"WebPage","@id":"https:\/\/monira-art.de\/en\/shipping\/","url":"https:\/\/monira-art.de\/en\/shipping\/","name":"Shipping: | Monira Art","isPartOf":{"@id":"https:\/\/monira-art.de\/#website"},"datePublished":"2024-03-01T12:18:44+00:00","dateModified":"2025-05-29T16:57:16+00:00","description":"Originale Kunstwerke\u201eEntdecke einzigartige, originale Kunstwerke von Monira Art. Jedes St\u00fcck erz\u00e4hlt eine eigene Geschichte und bringt Farbe und Kreativit\u00e4t in dein Zuhause. Hol dir dein pers\u00f6nliches Kunstwerk noch heute!\u201cPrints und Artprodukte\u201eFinde hochwertige Kunstprints und kreative Artprodukte von Monira Art. Von limitieren Drucken bis zu praktischen Kunstobjekten \u2013 hier findest du Kunst f\u00fcr jedes Zuhause. Jetzt st\u00f6bern und dein Lieblingsst\u00fcck sichern!\u201c\u00dcber mich\u201eLerne Amelie Monira Egenolf und ihre Leidenschaft f\u00fcr Kunst kennen. Erfahrt mehr \u00fcber die K\u00fcnstlerin hinter Monira Art und ihre kreative Vision. Entdecke, wie ihre Werke entstehen und was sie inspiriert.\u201cEvents\u201eBleibe immer auf dem Laufenden \u00fcber aktuelle und vergangene Kunstausstellungen und Events von Monira Art. Verpasse keine kreativen Highlights und sei dabei, wenn Kunst lebendig wird.\u201cBlog\u201eLass dich von den neuesten Artikeln auf dem Monira Art Blog inspirieren. Erhalte Einblicke in Kunst, kreative Tipps und spannende Stories aus der Welt von Monira Art. Jetzt entdecken und mitgestalten!\u201cAuftragsarbeiten\u201eLass dir dein ganz pers\u00f6nliches Kunstwerk anfertigen! Monira Art bietet individuelle Auftragsarbeiten, die perfekt zu deinem Stil und Raum passen. Erf\u00fclle dir deinen Kunsttraum \u2013 jetzt anfragen!\u201c","breadcrumb":{"@id":"https:\/\/monira-art.de\/en\/shipping\/#breadcrumb"},"inLanguage":"en-US","potentialAction":[{"@type":"ReadAction","target":["https:\/\/monira-art.de\/en\/shipping\/"]}]},{"@type":"BreadcrumbList","@id":"https:\/\/monira-art.de\/en\/shipping\/#breadcrumb","itemListElement":[{"@type":"ListItem","position":1,"name":"Startseite","item":"https:\/\/monira-art.de\/en\/home\/"},{"@type":"ListItem","position":2,"name":"Shipping:"}]},{"@type":"WebSite","@id":"https:\/\/monira-art.de\/#website","url":"https:\/\/monira-art.de\/","name":"Monira Art","description":"","publisher":{"@id":"https:\/\/monira-art.de\/#organization"},"potentialAction":[{"@type":"SearchAction","target":{"@type":"EntryPoint","urlTemplate":"https:\/\/monira-art.de\/?s={search_term_string}"},"query-input":{"@type":"PropertyValueSpecification","valueRequired":true,"valueName":"search_term_string"}}],"inLanguage":"en-US"},{"@type":"Organization","@id":"https:\/\/monira-art.de\/#organization","name":"Monira Art","alternateName":"Amelie Monira Egenolf","url":"https:\/\/monira-art.de\/","logo":{"@type":"ImageObject","inLanguage":"en-US","@id":"https:\/\/monira-art.de\/#\/schema\/logo\/image\/","url":"https:\/\/monira-art.de\/wp-content\/uploads\/Mask-group-1.svg","contentUrl":"https:\/\/monira-art.de\/wp-content\/uploads\/Mask-group-1.svg","width":182,"height":107,"caption":"Monira Art"},"image":{"@id":"https:\/\/monira-art.de\/#\/schema\/logo\/image\/"},"sameAs":["https:\/\/facebook.com\/MONIRAART8","https:\/\/instagram.com\/moniraart"]}]}},"_links":{"self":[{"href":"https:\/\/monira-art.de\/en\/wp-json\/wp\/v2\/pages\/2670","targetHints":{"allow":["GET"]}}],"collection":[{"href":"https:\/\/monira-art.de\/en\/wp-json\/wp\/v2\/pages"}],"about":[{"href":"https:\/\/monira-art.de\/en\/wp-json\/wp\/v2\/types\/page"}],"author":[{"embeddable":true,"href":"https:\/\/monira-art.de\/en\/wp-json\/wp\/v2\/users\/2"}],"replies":[{"embeddable":true,"href":"https:\/\/monira-art.de\/en\/wp-json\/wp\/v2\/comments?post=2670"}],"version-history":[{"count":10,"href":"https:\/\/monira-art.de\/en\/wp-json\/wp\/v2\/pages\/2670\/revisions"}],"predecessor-version":[{"id":9796,"href":"https:\/\/monira-art.de\/en\/wp-json\/wp\/v2\/pages\/2670\/revisions\/9796"}],"wp:attachment":[{"href":"https:\/\/monira-art.de\/en\/wp-json\/wp\/v2\/media?parent=2670"}],"wp:term":[{"taxonomy":"folder","embeddable":true,"href":"https:\/\/monira-art.de\/en\/wp-json\/wp\/v2\/folder?post=2670"}],"curies":[{"name":"wp","href":"https:\/\/api.w.org\/{rel}","templated":true}]}}