{"id":2673,"date":"2023-12-27T13:48:06","date_gmt":"2023-12-27T12:48:06","guid":{"rendered":"https:\/\/008.fastflow.marketing\/datenschutzerklaerung\/"},"modified":"2025-02-17T11:59:44","modified_gmt":"2025-02-17T10:59:44","slug":"datenschutzerklaerung","status":"publish","type":"page","link":"https:\/\/monira-art.de\/en\/datenschutzerklaerung\/","title":{"rendered":"Privacy policy"},"content":{"rendered":"\t\t<div data-elementor-type=\"wp-page\" data-elementor-id=\"2673\" class=\"elementor elementor-2673 elementor-703\" data-elementor-post-type=\"page\">\n\t\t\t\t<div class=\"elementor-element elementor-element-960796d e-flex e-con-boxed e-con e-parent\" data-id=\"960796d\" data-element_type=\"container\" data-e-type=\"container\">\n\t\t\t\t\t<div class=\"e-con-inner\">\n\t\t\t\t<div class=\"elementor-element elementor-element-8a9549d elementor-widget elementor-widget-shortcode\" data-id=\"8a9549d\" data-element_type=\"widget\" data-e-type=\"widget\" data-widget_type=\"shortcode.default\">\n\t\t\t\t<div class=\"elementor-widget-container\">\n\t\t\t\t\t\t\t<div class=\"elementor-shortcode\"><div>\n<div id=\"lc-text-AgencyClient_DSE-en\"><\/div>\n<script>\n  fetch(`https:\/\/app.cockpit.legal\/api\/cockpit\/resources\/legaldocumentshare\/31384866bbe9faa29ffc88bd4e0a7357\/document\/render\/html?language=en`)\n  .then((result) => { return result.text(); })\n  .then((content) => {\n    document.getElementById(\"lc-text-AgencyClient_DSE-en\").innerHTML = content\n  });\n<\/script>\n<noscript>\n  You cannot see this legal text because you have JavaScript disabled.\n  Please follow this\n  <a target=\"_blank\" href=\"https:\/\/app.cockpit.legal\/api\/cockpit\/resources\/legaldocumentshare\/31384866bbe9faa29ffc88bd4e0a7357\/document\/render\/html?language=en\">link<\/a>\n  to view the legal text.\n<\/noscript>\n<\/div><\/div>\n\t\t\t\t\t\t<\/div>\n\t\t\t\t<\/div>\n\t\t\t\t\t<\/div>\n\t\t\t\t<\/div>\n\t\t\t\t<\/div>\n\t\t","protected":false},"excerpt":{"rendered":"","protected":false},"author":2,"featured_media":0,"parent":0,"menu_order":0,"comment_status":"closed","ping_status":"closed","template":"","meta":{"footnotes":""},"folder":[33],"class_list":["post-2673","page","type-page","status-publish","hentry"],"yoast_head":"<!-- This site is optimized with the Yoast SEO plugin v26.8 - https:\/\/yoast.com\/product\/yoast-seo-wordpress\/ -->\n<title>Privacy policy | Monira Art<\/title>\n<meta name=\"description\" content=\"Originale Kunstwerke\u201eEntdecke einzigartige, originale Kunstwerke von Monira Art. Jedes St\u00fcck erz\u00e4hlt eine eigene Geschichte und bringt Farbe und Kreativit\u00e4t in dein Zuhause. Hol dir dein pers\u00f6nliches Kunstwerk noch heute!\u201cPrints und Artprodukte\u201eFinde hochwertige Kunstprints und kreative Artprodukte von Monira Art. Von limitieren Drucken bis zu praktischen Kunstobjekten \u2013 hier findest du Kunst f\u00fcr jedes Zuhause. Jetzt st\u00f6bern und dein Lieblingsst\u00fcck sichern!\u201c\u00dcber mich\u201eLerne Amelie Monira Egenolf und ihre Leidenschaft f\u00fcr Kunst kennen. Erfahrt mehr \u00fcber die K\u00fcnstlerin hinter Monira Art und ihre kreative Vision. Entdecke, wie ihre Werke entstehen und was sie inspiriert.\u201cEvents\u201eBleibe immer auf dem Laufenden \u00fcber aktuelle und vergangene Kunstausstellungen und Events von Monira Art. Verpasse keine kreativen Highlights und sei dabei, wenn Kunst lebendig wird.\u201cBlog\u201eLass dich von den neuesten Artikeln auf dem Monira Art Blog inspirieren. Erhalte Einblicke in Kunst, kreative Tipps und spannende Stories aus der Welt von Monira Art. Jetzt entdecken und mitgestalten!\u201cAuftragsarbeiten\u201eLass dir dein ganz pers\u00f6nliches Kunstwerk anfertigen! Monira Art bietet individuelle Auftragsarbeiten, die perfekt zu deinem Stil und Raum passen. Erf\u00fclle dir deinen Kunsttraum \u2013 jetzt anfragen!\u201c\" \/>\n<meta name=\"robots\" content=\"noindex, nofollow\" \/>\n<meta property=\"og:locale\" content=\"en_US\" \/>\n<meta property=\"og:type\" content=\"article\" \/>\n<meta property=\"og:title\" content=\"Privacy policy | Monira Art\" \/>\n<meta property=\"og:description\" content=\"Originale Kunstwerke\u201eEntdecke einzigartige, originale Kunstwerke von Monira Art. Jedes St\u00fcck erz\u00e4hlt eine eigene Geschichte und bringt Farbe und Kreativit\u00e4t in dein Zuhause. Hol dir dein pers\u00f6nliches Kunstwerk noch heute!\u201cPrints und Artprodukte\u201eFinde hochwertige Kunstprints und kreative Artprodukte von Monira Art. Von limitieren Drucken bis zu praktischen Kunstobjekten \u2013 hier findest du Kunst f\u00fcr jedes Zuhause. Jetzt st\u00f6bern und dein Lieblingsst\u00fcck sichern!\u201c\u00dcber mich\u201eLerne Amelie Monira Egenolf und ihre Leidenschaft f\u00fcr Kunst kennen. Erfahrt mehr \u00fcber die K\u00fcnstlerin hinter Monira Art und ihre kreative Vision. Entdecke, wie ihre Werke entstehen und was sie inspiriert.\u201cEvents\u201eBleibe immer auf dem Laufenden \u00fcber aktuelle und vergangene Kunstausstellungen und Events von Monira Art. Verpasse keine kreativen Highlights und sei dabei, wenn Kunst lebendig wird.\u201cBlog\u201eLass dich von den neuesten Artikeln auf dem Monira Art Blog inspirieren. Erhalte Einblicke in Kunst, kreative Tipps und spannende Stories aus der Welt von Monira Art. Jetzt entdecken und mitgestalten!\u201cAuftragsarbeiten\u201eLass dir dein ganz pers\u00f6nliches Kunstwerk anfertigen! Monira Art bietet individuelle Auftragsarbeiten, die perfekt zu deinem Stil und Raum passen. Erf\u00fclle dir deinen Kunsttraum \u2013 jetzt anfragen!\u201c\" \/>\n<meta property=\"og:url\" content=\"https:\/\/monira-art.de\/en\/datenschutzerklaerung\/\" \/>\n<meta property=\"og:site_name\" content=\"Monira Art\" \/>\n<meta property=\"article:publisher\" content=\"https:\/\/facebook.com\/MONIRAART8\" \/>\n<meta property=\"article:modified_time\" content=\"2025-02-17T10:59:44+00:00\" \/>\n<meta property=\"og:image\" content=\"https:\/\/monira-art.de\/wp-content\/uploads\/IMG_4405-rotated.jpg\" \/>\n\t<meta property=\"og:image:width\" content=\"480\" \/>\n\t<meta property=\"og:image:height\" content=\"640\" \/>\n\t<meta property=\"og:image:type\" content=\"image\/jpeg\" \/>\n<meta name=\"twitter:card\" content=\"summary_large_image\" \/>\n<script type=\"application\/ld+json\" class=\"yoast-schema-graph\">{\"@context\":\"https:\/\/schema.org\",\"@graph\":[{\"@type\":\"WebPage\",\"@id\":\"https:\/\/monira-art.de\/en\/datenschutzerklaerung\/\",\"url\":\"https:\/\/monira-art.de\/en\/datenschutzerklaerung\/\",\"name\":\"Privacy policy | Monira Art\",\"isPartOf\":{\"@id\":\"https:\/\/monira-art.de\/#website\"},\"datePublished\":\"2023-12-27T12:48:06+00:00\",\"dateModified\":\"2025-02-17T10:59:44+00:00\",\"description\":\"Originale Kunstwerke\u201eEntdecke einzigartige, originale Kunstwerke von Monira Art. Jedes St\u00fcck erz\u00e4hlt eine eigene Geschichte und bringt Farbe und Kreativit\u00e4t in dein Zuhause. Hol dir dein pers\u00f6nliches Kunstwerk noch heute!\u201cPrints und Artprodukte\u201eFinde hochwertige Kunstprints und kreative Artprodukte von Monira Art. Von limitieren Drucken bis zu praktischen Kunstobjekten \u2013 hier findest du Kunst f\u00fcr jedes Zuhause. Jetzt st\u00f6bern und dein Lieblingsst\u00fcck sichern!\u201c\u00dcber mich\u201eLerne Amelie Monira Egenolf und ihre Leidenschaft f\u00fcr Kunst kennen. Erfahrt mehr \u00fcber die K\u00fcnstlerin hinter Monira Art und ihre kreative Vision. Entdecke, wie ihre Werke entstehen und was sie inspiriert.\u201cEvents\u201eBleibe immer auf dem Laufenden \u00fcber aktuelle und vergangene Kunstausstellungen und Events von Monira Art. Verpasse keine kreativen Highlights und sei dabei, wenn Kunst lebendig wird.\u201cBlog\u201eLass dich von den neuesten Artikeln auf dem Monira Art Blog inspirieren. Erhalte Einblicke in Kunst, kreative Tipps und spannende Stories aus der Welt von Monira Art. Jetzt entdecken und mitgestalten!\u201cAuftragsarbeiten\u201eLass dir dein ganz pers\u00f6nliches Kunstwerk anfertigen! Monira Art bietet individuelle Auftragsarbeiten, die perfekt zu deinem Stil und Raum passen. Erf\u00fclle dir deinen Kunsttraum \u2013 jetzt anfragen!\u201c\",\"breadcrumb\":{\"@id\":\"https:\/\/monira-art.de\/en\/datenschutzerklaerung\/#breadcrumb\"},\"inLanguage\":\"en-US\",\"potentialAction\":[{\"@type\":\"ReadAction\",\"target\":[\"https:\/\/monira-art.de\/en\/datenschutzerklaerung\/\"]}]},{\"@type\":\"BreadcrumbList\",\"@id\":\"https:\/\/monira-art.de\/en\/datenschutzerklaerung\/#breadcrumb\",\"itemListElement\":[{\"@type\":\"ListItem\",\"position\":1,\"name\":\"Startseite\",\"item\":\"https:\/\/monira-art.de\/en\/home\/\"},{\"@type\":\"ListItem\",\"position\":2,\"name\":\"Privacy policy\"}]},{\"@type\":\"WebSite\",\"@id\":\"https:\/\/monira-art.de\/#website\",\"url\":\"https:\/\/monira-art.de\/\",\"name\":\"Monira Art\",\"description\":\"\",\"publisher\":{\"@id\":\"https:\/\/monira-art.de\/#organization\"},\"potentialAction\":[{\"@type\":\"SearchAction\",\"target\":{\"@type\":\"EntryPoint\",\"urlTemplate\":\"https:\/\/monira-art.de\/?s={search_term_string}\"},\"query-input\":{\"@type\":\"PropertyValueSpecification\",\"valueRequired\":true,\"valueName\":\"search_term_string\"}}],\"inLanguage\":\"en-US\"},{\"@type\":\"Organization\",\"@id\":\"https:\/\/monira-art.de\/#organization\",\"name\":\"Monira Art\",\"alternateName\":\"Amelie Monira Egenolf\",\"url\":\"https:\/\/monira-art.de\/\",\"logo\":{\"@type\":\"ImageObject\",\"inLanguage\":\"en-US\",\"@id\":\"https:\/\/monira-art.de\/#\/schema\/logo\/image\/\",\"url\":\"https:\/\/monira-art.de\/wp-content\/uploads\/Mask-group-1.svg\",\"contentUrl\":\"https:\/\/monira-art.de\/wp-content\/uploads\/Mask-group-1.svg\",\"width\":182,\"height\":107,\"caption\":\"Monira Art\"},\"image\":{\"@id\":\"https:\/\/monira-art.de\/#\/schema\/logo\/image\/\"},\"sameAs\":[\"https:\/\/facebook.com\/MONIRAART8\",\"https:\/\/instagram.com\/moniraart\"]}]}<\/script>\n<!-- \/ Yoast SEO plugin. -->","yoast_head_json":{"title":"Privacy policy | Monira Art","description":"Originale Kunstwerke\u201eEntdecke einzigartige, originale Kunstwerke von Monira Art. Jedes St\u00fcck erz\u00e4hlt eine eigene Geschichte und bringt Farbe und Kreativit\u00e4t in dein Zuhause. Hol dir dein pers\u00f6nliches Kunstwerk noch heute!\u201cPrints und Artprodukte\u201eFinde hochwertige Kunstprints und kreative Artprodukte von Monira Art. Von limitieren Drucken bis zu praktischen Kunstobjekten \u2013 hier findest du Kunst f\u00fcr jedes Zuhause. Jetzt st\u00f6bern und dein Lieblingsst\u00fcck sichern!\u201c\u00dcber mich\u201eLerne Amelie Monira Egenolf und ihre Leidenschaft f\u00fcr Kunst kennen. Erfahrt mehr \u00fcber die K\u00fcnstlerin hinter Monira Art und ihre kreative Vision. Entdecke, wie ihre Werke entstehen und was sie inspiriert.\u201cEvents\u201eBleibe immer auf dem Laufenden \u00fcber aktuelle und vergangene Kunstausstellungen und Events von Monira Art. Verpasse keine kreativen Highlights und sei dabei, wenn Kunst lebendig wird.\u201cBlog\u201eLass dich von den neuesten Artikeln auf dem Monira Art Blog inspirieren. Erhalte Einblicke in Kunst, kreative Tipps und spannende Stories aus der Welt von Monira Art. Jetzt entdecken und mitgestalten!\u201cAuftragsarbeiten\u201eLass dir dein ganz pers\u00f6nliches Kunstwerk anfertigen! Monira Art bietet individuelle Auftragsarbeiten, die perfekt zu deinem Stil und Raum passen. Erf\u00fclle dir deinen Kunsttraum \u2013 jetzt anfragen!\u201c","robots":{"index":"noindex","follow":"nofollow"},"og_locale":"en_US","og_type":"article","og_title":"Privacy policy | Monira Art","og_description":"Originale Kunstwerke\u201eEntdecke einzigartige, originale Kunstwerke von Monira Art. Jedes St\u00fcck erz\u00e4hlt eine eigene Geschichte und bringt Farbe und Kreativit\u00e4t in dein Zuhause. Hol dir dein pers\u00f6nliches Kunstwerk noch heute!\u201cPrints und Artprodukte\u201eFinde hochwertige Kunstprints und kreative Artprodukte von Monira Art. Von limitieren Drucken bis zu praktischen Kunstobjekten \u2013 hier findest du Kunst f\u00fcr jedes Zuhause. Jetzt st\u00f6bern und dein Lieblingsst\u00fcck sichern!\u201c\u00dcber mich\u201eLerne Amelie Monira Egenolf und ihre Leidenschaft f\u00fcr Kunst kennen. Erfahrt mehr \u00fcber die K\u00fcnstlerin hinter Monira Art und ihre kreative Vision. Entdecke, wie ihre Werke entstehen und was sie inspiriert.\u201cEvents\u201eBleibe immer auf dem Laufenden \u00fcber aktuelle und vergangene Kunstausstellungen und Events von Monira Art. Verpasse keine kreativen Highlights und sei dabei, wenn Kunst lebendig wird.\u201cBlog\u201eLass dich von den neuesten Artikeln auf dem Monira Art Blog inspirieren. Erhalte Einblicke in Kunst, kreative Tipps und spannende Stories aus der Welt von Monira Art. Jetzt entdecken und mitgestalten!\u201cAuftragsarbeiten\u201eLass dir dein ganz pers\u00f6nliches Kunstwerk anfertigen! Monira Art bietet individuelle Auftragsarbeiten, die perfekt zu deinem Stil und Raum passen. Erf\u00fclle dir deinen Kunsttraum \u2013 jetzt anfragen!\u201c","og_url":"https:\/\/monira-art.de\/en\/datenschutzerklaerung\/","og_site_name":"Monira Art","article_publisher":"https:\/\/facebook.com\/MONIRAART8","article_modified_time":"2025-02-17T10:59:44+00:00","og_image":[{"width":480,"height":640,"url":"https:\/\/monira-art.de\/wp-content\/uploads\/IMG_4405-rotated.jpg","type":"image\/jpeg"}],"twitter_card":"summary_large_image","schema":{"@context":"https:\/\/schema.org","@graph":[{"@type":"WebPage","@id":"https:\/\/monira-art.de\/en\/datenschutzerklaerung\/","url":"https:\/\/monira-art.de\/en\/datenschutzerklaerung\/","name":"Privacy policy | Monira Art","isPartOf":{"@id":"https:\/\/monira-art.de\/#website"},"datePublished":"2023-12-27T12:48:06+00:00","dateModified":"2025-02-17T10:59:44+00:00","description":"Originale Kunstwerke\u201eEntdecke einzigartige, originale Kunstwerke von Monira Art. Jedes St\u00fcck erz\u00e4hlt eine eigene Geschichte und bringt Farbe und Kreativit\u00e4t in dein Zuhause. Hol dir dein pers\u00f6nliches Kunstwerk noch heute!\u201cPrints und Artprodukte\u201eFinde hochwertige Kunstprints und kreative Artprodukte von Monira Art. Von limitieren Drucken bis zu praktischen Kunstobjekten \u2013 hier findest du Kunst f\u00fcr jedes Zuhause. Jetzt st\u00f6bern und dein Lieblingsst\u00fcck sichern!\u201c\u00dcber mich\u201eLerne Amelie Monira Egenolf und ihre Leidenschaft f\u00fcr Kunst kennen. Erfahrt mehr \u00fcber die K\u00fcnstlerin hinter Monira Art und ihre kreative Vision. Entdecke, wie ihre Werke entstehen und was sie inspiriert.\u201cEvents\u201eBleibe immer auf dem Laufenden \u00fcber aktuelle und vergangene Kunstausstellungen und Events von Monira Art. Verpasse keine kreativen Highlights und sei dabei, wenn Kunst lebendig wird.\u201cBlog\u201eLass dich von den neuesten Artikeln auf dem Monira Art Blog inspirieren. Erhalte Einblicke in Kunst, kreative Tipps und spannende Stories aus der Welt von Monira Art. Jetzt entdecken und mitgestalten!\u201cAuftragsarbeiten\u201eLass dir dein ganz pers\u00f6nliches Kunstwerk anfertigen! Monira Art bietet individuelle Auftragsarbeiten, die perfekt zu deinem Stil und Raum passen. Erf\u00fclle dir deinen Kunsttraum \u2013 jetzt anfragen!\u201c","breadcrumb":{"@id":"https:\/\/monira-art.de\/en\/datenschutzerklaerung\/#breadcrumb"},"inLanguage":"en-US","potentialAction":[{"@type":"ReadAction","target":["https:\/\/monira-art.de\/en\/datenschutzerklaerung\/"]}]},{"@type":"BreadcrumbList","@id":"https:\/\/monira-art.de\/en\/datenschutzerklaerung\/#breadcrumb","itemListElement":[{"@type":"ListItem","position":1,"name":"Startseite","item":"https:\/\/monira-art.de\/en\/home\/"},{"@type":"ListItem","position":2,"name":"Privacy policy"}]},{"@type":"WebSite","@id":"https:\/\/monira-art.de\/#website","url":"https:\/\/monira-art.de\/","name":"Monira Art","description":"","publisher":{"@id":"https:\/\/monira-art.de\/#organization"},"potentialAction":[{"@type":"SearchAction","target":{"@type":"EntryPoint","urlTemplate":"https:\/\/monira-art.de\/?s={search_term_string}"},"query-input":{"@type":"PropertyValueSpecification","valueRequired":true,"valueName":"search_term_string"}}],"inLanguage":"en-US"},{"@type":"Organization","@id":"https:\/\/monira-art.de\/#organization","name":"Monira Art","alternateName":"Amelie Monira Egenolf","url":"https:\/\/monira-art.de\/","logo":{"@type":"ImageObject","inLanguage":"en-US","@id":"https:\/\/monira-art.de\/#\/schema\/logo\/image\/","url":"https:\/\/monira-art.de\/wp-content\/uploads\/Mask-group-1.svg","contentUrl":"https:\/\/monira-art.de\/wp-content\/uploads\/Mask-group-1.svg","width":182,"height":107,"caption":"Monira Art"},"image":{"@id":"https:\/\/monira-art.de\/#\/schema\/logo\/image\/"},"sameAs":["https:\/\/facebook.com\/MONIRAART8","https:\/\/instagram.com\/moniraart"]}]}},"_links":{"self":[{"href":"https:\/\/monira-art.de\/en\/wp-json\/wp\/v2\/pages\/2673","targetHints":{"allow":["GET"]}}],"collection":[{"href":"https:\/\/monira-art.de\/en\/wp-json\/wp\/v2\/pages"}],"about":[{"href":"https:\/\/monira-art.de\/en\/wp-json\/wp\/v2\/types\/page"}],"author":[{"embeddable":true,"href":"https:\/\/monira-art.de\/en\/wp-json\/wp\/v2\/users\/2"}],"replies":[{"embeddable":true,"href":"https:\/\/monira-art.de\/en\/wp-json\/wp\/v2\/comments?post=2673"}],"version-history":[{"count":8,"href":"https:\/\/monira-art.de\/en\/wp-json\/wp\/v2\/pages\/2673\/revisions"}],"predecessor-version":[{"id":2948,"href":"https:\/\/monira-art.de\/en\/wp-json\/wp\/v2\/pages\/2673\/revisions\/2948"}],"wp:attachment":[{"href":"https:\/\/monira-art.de\/en\/wp-json\/wp\/v2\/media?parent=2673"}],"wp:term":[{"taxonomy":"folder","embeddable":true,"href":"https:\/\/monira-art.de\/en\/wp-json\/wp\/v2\/folder?post=2673"}],"curies":[{"name":"wp","href":"https:\/\/api.w.org\/{rel}","templated":true}]}}