{"id":2674,"date":"2023-12-27T13:47:06","date_gmt":"2023-12-27T12:47:06","guid":{"rendered":"https:\/\/008.fastflow.marketing\/impressum\/"},"modified":"2025-10-28T20:33:21","modified_gmt":"2025-10-28T19:33:21","slug":"impressum","status":"publish","type":"page","link":"https:\/\/monira-art.de\/en\/impressum\/","title":{"rendered":"Legal notice"},"content":{"rendered":"\t\t<div data-elementor-type=\"wp-page\" data-elementor-id=\"2674\" class=\"elementor elementor-2674 elementor-698\" data-elementor-post-type=\"page\">\n\t\t\t\t<div class=\"elementor-element elementor-element-142e1bc e-flex e-con-boxed e-con e-parent\" data-id=\"142e1bc\" data-element_type=\"container\" data-e-type=\"container\">\n\t\t\t\t\t<div class=\"e-con-inner\">\n\t\t<div class=\"elementor-element elementor-element-bfd48c1 e-con-full e-flex e-con e-child\" data-id=\"bfd48c1\" data-element_type=\"container\" data-e-type=\"container\">\n\t\t\t\t<div class=\"elementor-element elementor-element-d73922a elementor-widget elementor-widget-heading\" data-id=\"d73922a\" data-element_type=\"widget\" data-e-type=\"widget\" data-widget_type=\"heading.default\">\n\t\t\t\t<div class=\"elementor-widget-container\">\n\t\t\t\t\t<h2 class=\"elementor-heading-title elementor-size-default\">Legal notice <\/h2>\t\t\t\t<\/div>\n\t\t\t\t<\/div>\n\t\t\t\t<\/div>\n\t\t<div class=\"elementor-element elementor-element-05f8c30 e-con-full e-flex e-con e-child\" data-id=\"05f8c30\" data-element_type=\"container\" data-e-type=\"container\">\n\t\t\t\t<div class=\"elementor-element elementor-element-f84ddc0 elementor-widget elementor-widget-text-editor\" data-id=\"f84ddc0\" data-element_type=\"widget\" data-e-type=\"widget\" data-widget_type=\"text-editor.default\">\n\t\t\t\t<div class=\"elementor-widget-container\">\n\t\t\t\t\t\t\t\t\t<p><strong>Provider:<\/strong><\/p><p><span class=\"cmplz-contact-organisation\">Amelie Egenolf<\/span><br><span class=\"cmplz-contact-address\">M\u00fchlenweg 34, 88633 Heiligenberg<\/span><br><span class=\"cmplz-contact-country\">Germany<\/span><br>Website: <span class=\"cmplz-contact-domain\"><a href=\"https:\/\/monira-art.de\/en\/\">https:\/\/monira-art.de\/en\/<\/a><\/span><br>Email: <span class=\"cmplz-contact-email\"><span class=\"cmplz-obfuscate\">info@monira-art.de<\/span><\/span><br><span class=\"cmplz-contact-telephone\">Phone number: +49 1515 0993349<\/span><\/p><div><h3>Responsible for journalistic and editorial content:<\/h3><p>Amelie Egenolf<\/p><p>M\u00fchlenweg 34<\/p><p>88633 Heiligenberg<\/p><\/div><div><h3>EU dispute resolution (OS platform):<\/h3><p>The EU Commission has set up a European ODR platform for the out-of-court online settlement of disputes between consumers and traders. This can be accessed at: <a href=\"https:\/\/ec.europa.eu\/consumers\/odr\" target=\"_blank\" rel=\"noopener noreferrer nofollow\">https:\/\/ec.europa.eu\/consumers\/odr<\/a> <\/p><p>The provider is not obliged or willing to participate in such arbitration proceedings.<\/p><p>The provider&#8217;s e-mail address is: info@monira-art.de.<\/p><\/div>\t\t\t\t\t\t\t\t<\/div>\n\t\t\t\t<\/div>\n\t\t\t\t<\/div>\n\t\t\t\t\t<\/div>\n\t\t\t\t<\/div>\n\t\t\t\t<\/div>\n\t\t","protected":false},"excerpt":{"rendered":"<p>Legal notice Provider: Amelie EgenolfM\u00fchlenweg 34, 88633 HeiligenbergGermanyWebsite: https:\/\/monira-art.de\/en\/Email: info@monira-art.dePhone number: +49 1515 0993349 Responsible for journalistic and editorial content: Amelie Egenolf M\u00fchlenweg 34 88633 Heiligenberg EU dispute resolution (OS platform): The EU Commission has set up a European ODR platform for the out-of-court online settlement of disputes between consumers and traders. This can be [&hellip;]<\/p>\n","protected":false},"author":2,"featured_media":0,"parent":0,"menu_order":0,"comment_status":"closed","ping_status":"closed","template":"","meta":{"footnotes":""},"folder":[33],"class_list":["post-2674","page","type-page","status-publish","hentry"],"yoast_head":"<!-- This site is optimized with the Yoast SEO plugin v26.8 - https:\/\/yoast.com\/product\/yoast-seo-wordpress\/ -->\n<title>Legal notice | Monira Art<\/title>\n<meta name=\"description\" content=\"Originale Kunstwerke\u201eEntdecke einzigartige, originale Kunstwerke von Monira Art. Jedes St\u00fcck erz\u00e4hlt eine eigene Geschichte und bringt Farbe und Kreativit\u00e4t in dein Zuhause. Hol dir dein pers\u00f6nliches Kunstwerk noch heute!\u201cPrints und Artprodukte\u201eFinde hochwertige Kunstprints und kreative Artprodukte von Monira Art. Von limitieren Drucken bis zu praktischen Kunstobjekten \u2013 hier findest du Kunst f\u00fcr jedes Zuhause. Jetzt st\u00f6bern und dein Lieblingsst\u00fcck sichern!\u201c\u00dcber mich\u201eLerne Amelie Monira Egenolf und ihre Leidenschaft f\u00fcr Kunst kennen. Erfahrt mehr \u00fcber die K\u00fcnstlerin hinter Monira Art und ihre kreative Vision. Entdecke, wie ihre Werke entstehen und was sie inspiriert.\u201cEvents\u201eBleibe immer auf dem Laufenden \u00fcber aktuelle und vergangene Kunstausstellungen und Events von Monira Art. Verpasse keine kreativen Highlights und sei dabei, wenn Kunst lebendig wird.\u201cBlog\u201eLass dich von den neuesten Artikeln auf dem Monira Art Blog inspirieren. Erhalte Einblicke in Kunst, kreative Tipps und spannende Stories aus der Welt von Monira Art. Jetzt entdecken und mitgestalten!\u201cAuftragsarbeiten\u201eLass dir dein ganz pers\u00f6nliches Kunstwerk anfertigen! Monira Art bietet individuelle Auftragsarbeiten, die perfekt zu deinem Stil und Raum passen. Erf\u00fclle dir deinen Kunsttraum \u2013 jetzt anfragen!\u201c\" \/>\n<meta name=\"robots\" content=\"noindex, nofollow\" \/>\n<meta property=\"og:locale\" content=\"en_US\" \/>\n<meta property=\"og:type\" content=\"article\" \/>\n<meta property=\"og:title\" content=\"Legal notice | Monira Art\" \/>\n<meta property=\"og:description\" content=\"Originale Kunstwerke\u201eEntdecke einzigartige, originale Kunstwerke von Monira Art. Jedes St\u00fcck erz\u00e4hlt eine eigene Geschichte und bringt Farbe und Kreativit\u00e4t in dein Zuhause. Hol dir dein pers\u00f6nliches Kunstwerk noch heute!\u201cPrints und Artprodukte\u201eFinde hochwertige Kunstprints und kreative Artprodukte von Monira Art. Von limitieren Drucken bis zu praktischen Kunstobjekten \u2013 hier findest du Kunst f\u00fcr jedes Zuhause. Jetzt st\u00f6bern und dein Lieblingsst\u00fcck sichern!\u201c\u00dcber mich\u201eLerne Amelie Monira Egenolf und ihre Leidenschaft f\u00fcr Kunst kennen. Erfahrt mehr \u00fcber die K\u00fcnstlerin hinter Monira Art und ihre kreative Vision. Entdecke, wie ihre Werke entstehen und was sie inspiriert.\u201cEvents\u201eBleibe immer auf dem Laufenden \u00fcber aktuelle und vergangene Kunstausstellungen und Events von Monira Art. Verpasse keine kreativen Highlights und sei dabei, wenn Kunst lebendig wird.\u201cBlog\u201eLass dich von den neuesten Artikeln auf dem Monira Art Blog inspirieren. Erhalte Einblicke in Kunst, kreative Tipps und spannende Stories aus der Welt von Monira Art. Jetzt entdecken und mitgestalten!\u201cAuftragsarbeiten\u201eLass dir dein ganz pers\u00f6nliches Kunstwerk anfertigen! Monira Art bietet individuelle Auftragsarbeiten, die perfekt zu deinem Stil und Raum passen. Erf\u00fclle dir deinen Kunsttraum \u2013 jetzt anfragen!\u201c\" \/>\n<meta property=\"og:url\" content=\"https:\/\/monira-art.de\/en\/impressum\/\" \/>\n<meta property=\"og:site_name\" content=\"Monira Art\" \/>\n<meta property=\"article:publisher\" content=\"https:\/\/facebook.com\/MONIRAART8\" \/>\n<meta property=\"article:modified_time\" content=\"2025-10-28T19:33:21+00:00\" \/>\n<meta property=\"og:image\" content=\"https:\/\/monira-art.de\/wp-content\/uploads\/IMG_4405-rotated.jpg\" \/>\n\t<meta property=\"og:image:width\" content=\"480\" \/>\n\t<meta property=\"og:image:height\" content=\"640\" \/>\n\t<meta property=\"og:image:type\" content=\"image\/jpeg\" \/>\n<meta name=\"twitter:card\" content=\"summary_large_image\" \/>\n<script type=\"application\/ld+json\" class=\"yoast-schema-graph\">{\"@context\":\"https:\/\/schema.org\",\"@graph\":[{\"@type\":\"WebPage\",\"@id\":\"https:\/\/monira-art.de\/en\/impressum\/\",\"url\":\"https:\/\/monira-art.de\/en\/impressum\/\",\"name\":\"Legal notice | Monira Art\",\"isPartOf\":{\"@id\":\"https:\/\/monira-art.de\/#website\"},\"datePublished\":\"2023-12-27T12:47:06+00:00\",\"dateModified\":\"2025-10-28T19:33:21+00:00\",\"description\":\"Originale Kunstwerke\u201eEntdecke einzigartige, originale Kunstwerke von Monira Art. Jedes St\u00fcck erz\u00e4hlt eine eigene Geschichte und bringt Farbe und Kreativit\u00e4t in dein Zuhause. Hol dir dein pers\u00f6nliches Kunstwerk noch heute!\u201cPrints und Artprodukte\u201eFinde hochwertige Kunstprints und kreative Artprodukte von Monira Art. Von limitieren Drucken bis zu praktischen Kunstobjekten \u2013 hier findest du Kunst f\u00fcr jedes Zuhause. Jetzt st\u00f6bern und dein Lieblingsst\u00fcck sichern!\u201c\u00dcber mich\u201eLerne Amelie Monira Egenolf und ihre Leidenschaft f\u00fcr Kunst kennen. Erfahrt mehr \u00fcber die K\u00fcnstlerin hinter Monira Art und ihre kreative Vision. Entdecke, wie ihre Werke entstehen und was sie inspiriert.\u201cEvents\u201eBleibe immer auf dem Laufenden \u00fcber aktuelle und vergangene Kunstausstellungen und Events von Monira Art. Verpasse keine kreativen Highlights und sei dabei, wenn Kunst lebendig wird.\u201cBlog\u201eLass dich von den neuesten Artikeln auf dem Monira Art Blog inspirieren. Erhalte Einblicke in Kunst, kreative Tipps und spannende Stories aus der Welt von Monira Art. Jetzt entdecken und mitgestalten!\u201cAuftragsarbeiten\u201eLass dir dein ganz pers\u00f6nliches Kunstwerk anfertigen! Monira Art bietet individuelle Auftragsarbeiten, die perfekt zu deinem Stil und Raum passen. Erf\u00fclle dir deinen Kunsttraum \u2013 jetzt anfragen!\u201c\",\"breadcrumb\":{\"@id\":\"https:\/\/monira-art.de\/en\/impressum\/#breadcrumb\"},\"inLanguage\":\"en-US\",\"potentialAction\":[{\"@type\":\"ReadAction\",\"target\":[\"https:\/\/monira-art.de\/en\/impressum\/\"]}]},{\"@type\":\"BreadcrumbList\",\"@id\":\"https:\/\/monira-art.de\/en\/impressum\/#breadcrumb\",\"itemListElement\":[{\"@type\":\"ListItem\",\"position\":1,\"name\":\"Startseite\",\"item\":\"https:\/\/monira-art.de\/en\/home\/\"},{\"@type\":\"ListItem\",\"position\":2,\"name\":\"Legal notice\"}]},{\"@type\":\"WebSite\",\"@id\":\"https:\/\/monira-art.de\/#website\",\"url\":\"https:\/\/monira-art.de\/\",\"name\":\"Monira Art\",\"description\":\"\",\"publisher\":{\"@id\":\"https:\/\/monira-art.de\/#organization\"},\"potentialAction\":[{\"@type\":\"SearchAction\",\"target\":{\"@type\":\"EntryPoint\",\"urlTemplate\":\"https:\/\/monira-art.de\/?s={search_term_string}\"},\"query-input\":{\"@type\":\"PropertyValueSpecification\",\"valueRequired\":true,\"valueName\":\"search_term_string\"}}],\"inLanguage\":\"en-US\"},{\"@type\":\"Organization\",\"@id\":\"https:\/\/monira-art.de\/#organization\",\"name\":\"Monira Art\",\"alternateName\":\"Amelie Monira Egenolf\",\"url\":\"https:\/\/monira-art.de\/\",\"logo\":{\"@type\":\"ImageObject\",\"inLanguage\":\"en-US\",\"@id\":\"https:\/\/monira-art.de\/#\/schema\/logo\/image\/\",\"url\":\"https:\/\/monira-art.de\/wp-content\/uploads\/Mask-group-1.svg\",\"contentUrl\":\"https:\/\/monira-art.de\/wp-content\/uploads\/Mask-group-1.svg\",\"width\":182,\"height\":107,\"caption\":\"Monira Art\"},\"image\":{\"@id\":\"https:\/\/monira-art.de\/#\/schema\/logo\/image\/\"},\"sameAs\":[\"https:\/\/facebook.com\/MONIRAART8\",\"https:\/\/instagram.com\/moniraart\"]}]}<\/script>\n<!-- \/ Yoast SEO plugin. -->","yoast_head_json":{"title":"Legal notice | Monira Art","description":"Originale Kunstwerke\u201eEntdecke einzigartige, originale Kunstwerke von Monira Art. Jedes St\u00fcck erz\u00e4hlt eine eigene Geschichte und bringt Farbe und Kreativit\u00e4t in dein Zuhause. Hol dir dein pers\u00f6nliches Kunstwerk noch heute!\u201cPrints und Artprodukte\u201eFinde hochwertige Kunstprints und kreative Artprodukte von Monira Art. Von limitieren Drucken bis zu praktischen Kunstobjekten \u2013 hier findest du Kunst f\u00fcr jedes Zuhause. Jetzt st\u00f6bern und dein Lieblingsst\u00fcck sichern!\u201c\u00dcber mich\u201eLerne Amelie Monira Egenolf und ihre Leidenschaft f\u00fcr Kunst kennen. Erfahrt mehr \u00fcber die K\u00fcnstlerin hinter Monira Art und ihre kreative Vision. Entdecke, wie ihre Werke entstehen und was sie inspiriert.\u201cEvents\u201eBleibe immer auf dem Laufenden \u00fcber aktuelle und vergangene Kunstausstellungen und Events von Monira Art. Verpasse keine kreativen Highlights und sei dabei, wenn Kunst lebendig wird.\u201cBlog\u201eLass dich von den neuesten Artikeln auf dem Monira Art Blog inspirieren. Erhalte Einblicke in Kunst, kreative Tipps und spannende Stories aus der Welt von Monira Art. Jetzt entdecken und mitgestalten!\u201cAuftragsarbeiten\u201eLass dir dein ganz pers\u00f6nliches Kunstwerk anfertigen! Monira Art bietet individuelle Auftragsarbeiten, die perfekt zu deinem Stil und Raum passen. Erf\u00fclle dir deinen Kunsttraum \u2013 jetzt anfragen!\u201c","robots":{"index":"noindex","follow":"nofollow"},"og_locale":"en_US","og_type":"article","og_title":"Legal notice | Monira Art","og_description":"Originale Kunstwerke\u201eEntdecke einzigartige, originale Kunstwerke von Monira Art. Jedes St\u00fcck erz\u00e4hlt eine eigene Geschichte und bringt Farbe und Kreativit\u00e4t in dein Zuhause. Hol dir dein pers\u00f6nliches Kunstwerk noch heute!\u201cPrints und Artprodukte\u201eFinde hochwertige Kunstprints und kreative Artprodukte von Monira Art. Von limitieren Drucken bis zu praktischen Kunstobjekten \u2013 hier findest du Kunst f\u00fcr jedes Zuhause. Jetzt st\u00f6bern und dein Lieblingsst\u00fcck sichern!\u201c\u00dcber mich\u201eLerne Amelie Monira Egenolf und ihre Leidenschaft f\u00fcr Kunst kennen. Erfahrt mehr \u00fcber die K\u00fcnstlerin hinter Monira Art und ihre kreative Vision. Entdecke, wie ihre Werke entstehen und was sie inspiriert.\u201cEvents\u201eBleibe immer auf dem Laufenden \u00fcber aktuelle und vergangene Kunstausstellungen und Events von Monira Art. Verpasse keine kreativen Highlights und sei dabei, wenn Kunst lebendig wird.\u201cBlog\u201eLass dich von den neuesten Artikeln auf dem Monira Art Blog inspirieren. Erhalte Einblicke in Kunst, kreative Tipps und spannende Stories aus der Welt von Monira Art. Jetzt entdecken und mitgestalten!\u201cAuftragsarbeiten\u201eLass dir dein ganz pers\u00f6nliches Kunstwerk anfertigen! Monira Art bietet individuelle Auftragsarbeiten, die perfekt zu deinem Stil und Raum passen. Erf\u00fclle dir deinen Kunsttraum \u2013 jetzt anfragen!\u201c","og_url":"https:\/\/monira-art.de\/en\/impressum\/","og_site_name":"Monira Art","article_publisher":"https:\/\/facebook.com\/MONIRAART8","article_modified_time":"2025-10-28T19:33:21+00:00","og_image":[{"width":480,"height":640,"url":"https:\/\/monira-art.de\/wp-content\/uploads\/IMG_4405-rotated.jpg","type":"image\/jpeg"}],"twitter_card":"summary_large_image","schema":{"@context":"https:\/\/schema.org","@graph":[{"@type":"WebPage","@id":"https:\/\/monira-art.de\/en\/impressum\/","url":"https:\/\/monira-art.de\/en\/impressum\/","name":"Legal notice | Monira Art","isPartOf":{"@id":"https:\/\/monira-art.de\/#website"},"datePublished":"2023-12-27T12:47:06+00:00","dateModified":"2025-10-28T19:33:21+00:00","description":"Originale Kunstwerke\u201eEntdecke einzigartige, originale Kunstwerke von Monira Art. Jedes St\u00fcck erz\u00e4hlt eine eigene Geschichte und bringt Farbe und Kreativit\u00e4t in dein Zuhause. Hol dir dein pers\u00f6nliches Kunstwerk noch heute!\u201cPrints und Artprodukte\u201eFinde hochwertige Kunstprints und kreative Artprodukte von Monira Art. Von limitieren Drucken bis zu praktischen Kunstobjekten \u2013 hier findest du Kunst f\u00fcr jedes Zuhause. Jetzt st\u00f6bern und dein Lieblingsst\u00fcck sichern!\u201c\u00dcber mich\u201eLerne Amelie Monira Egenolf und ihre Leidenschaft f\u00fcr Kunst kennen. Erfahrt mehr \u00fcber die K\u00fcnstlerin hinter Monira Art und ihre kreative Vision. Entdecke, wie ihre Werke entstehen und was sie inspiriert.\u201cEvents\u201eBleibe immer auf dem Laufenden \u00fcber aktuelle und vergangene Kunstausstellungen und Events von Monira Art. Verpasse keine kreativen Highlights und sei dabei, wenn Kunst lebendig wird.\u201cBlog\u201eLass dich von den neuesten Artikeln auf dem Monira Art Blog inspirieren. Erhalte Einblicke in Kunst, kreative Tipps und spannende Stories aus der Welt von Monira Art. Jetzt entdecken und mitgestalten!\u201cAuftragsarbeiten\u201eLass dir dein ganz pers\u00f6nliches Kunstwerk anfertigen! Monira Art bietet individuelle Auftragsarbeiten, die perfekt zu deinem Stil und Raum passen. Erf\u00fclle dir deinen Kunsttraum \u2013 jetzt anfragen!\u201c","breadcrumb":{"@id":"https:\/\/monira-art.de\/en\/impressum\/#breadcrumb"},"inLanguage":"en-US","potentialAction":[{"@type":"ReadAction","target":["https:\/\/monira-art.de\/en\/impressum\/"]}]},{"@type":"BreadcrumbList","@id":"https:\/\/monira-art.de\/en\/impressum\/#breadcrumb","itemListElement":[{"@type":"ListItem","position":1,"name":"Startseite","item":"https:\/\/monira-art.de\/en\/home\/"},{"@type":"ListItem","position":2,"name":"Legal notice"}]},{"@type":"WebSite","@id":"https:\/\/monira-art.de\/#website","url":"https:\/\/monira-art.de\/","name":"Monira Art","description":"","publisher":{"@id":"https:\/\/monira-art.de\/#organization"},"potentialAction":[{"@type":"SearchAction","target":{"@type":"EntryPoint","urlTemplate":"https:\/\/monira-art.de\/?s={search_term_string}"},"query-input":{"@type":"PropertyValueSpecification","valueRequired":true,"valueName":"search_term_string"}}],"inLanguage":"en-US"},{"@type":"Organization","@id":"https:\/\/monira-art.de\/#organization","name":"Monira Art","alternateName":"Amelie Monira Egenolf","url":"https:\/\/monira-art.de\/","logo":{"@type":"ImageObject","inLanguage":"en-US","@id":"https:\/\/monira-art.de\/#\/schema\/logo\/image\/","url":"https:\/\/monira-art.de\/wp-content\/uploads\/Mask-group-1.svg","contentUrl":"https:\/\/monira-art.de\/wp-content\/uploads\/Mask-group-1.svg","width":182,"height":107,"caption":"Monira Art"},"image":{"@id":"https:\/\/monira-art.de\/#\/schema\/logo\/image\/"},"sameAs":["https:\/\/facebook.com\/MONIRAART8","https:\/\/instagram.com\/moniraart"]}]}},"_links":{"self":[{"href":"https:\/\/monira-art.de\/en\/wp-json\/wp\/v2\/pages\/2674","targetHints":{"allow":["GET"]}}],"collection":[{"href":"https:\/\/monira-art.de\/en\/wp-json\/wp\/v2\/pages"}],"about":[{"href":"https:\/\/monira-art.de\/en\/wp-json\/wp\/v2\/types\/page"}],"author":[{"embeddable":true,"href":"https:\/\/monira-art.de\/en\/wp-json\/wp\/v2\/users\/2"}],"replies":[{"embeddable":true,"href":"https:\/\/monira-art.de\/en\/wp-json\/wp\/v2\/comments?post=2674"}],"version-history":[{"count":10,"href":"https:\/\/monira-art.de\/en\/wp-json\/wp\/v2\/pages\/2674\/revisions"}],"predecessor-version":[{"id":10565,"href":"https:\/\/monira-art.de\/en\/wp-json\/wp\/v2\/pages\/2674\/revisions\/10565"}],"wp:attachment":[{"href":"https:\/\/monira-art.de\/en\/wp-json\/wp\/v2\/media?parent=2674"}],"wp:term":[{"taxonomy":"folder","embeddable":true,"href":"https:\/\/monira-art.de\/en\/wp-json\/wp\/v2\/folder?post=2674"}],"curies":[{"name":"wp","href":"https:\/\/api.w.org\/{rel}","templated":true}]}}