{"id":2695,"date":"2023-12-07T20:48:39","date_gmt":"2023-12-07T19:48:39","guid":{"rendered":"https:\/\/008.fastflow.marketing\/contact\/"},"modified":"2025-10-28T22:18:52","modified_gmt":"2025-10-28T21:18:52","slug":"contact","status":"publish","type":"page","link":"https:\/\/monira-art.de\/en\/contact\/","title":{"rendered":"Contact"},"content":{"rendered":"\t\t<div data-elementor-type=\"wp-page\" data-elementor-id=\"2695\" class=\"elementor elementor-2695 elementor-487\" data-elementor-post-type=\"page\">\n\t\t\t\t<div class=\"elementor-element elementor-element-e5203c9 e-flex e-con-boxed e-con e-parent\" data-id=\"e5203c9\" data-element_type=\"container\" data-e-type=\"container\" data-settings=\"{&quot;background_background&quot;:&quot;classic&quot;}\">\n\t\t\t\t\t<div class=\"e-con-inner\">\n\t\t\t\t<div class=\"elementor-element elementor-element-2a100c5 elementor-widget elementor-widget-heading\" data-id=\"2a100c5\" data-element_type=\"widget\" data-e-type=\"widget\" data-widget_type=\"heading.default\">\n\t\t\t\t<div class=\"elementor-widget-container\">\n\t\t\t\t\t<h2 class=\"elementor-heading-title elementor-size-default\">Contact<\/h2>\t\t\t\t<\/div>\n\t\t\t\t<\/div>\n\t\t\t\t<div class=\"elementor-element elementor-element-22b6f7d elementor-widget elementor-widget-text-editor\" data-id=\"22b6f7d\" data-element_type=\"widget\" data-e-type=\"widget\" data-widget_type=\"text-editor.default\">\n\t\t\t\t<div class=\"elementor-widget-container\">\n\t\t\t\t\t\t\t\t\t<p><em>Please contact us if you would like to commission a picture or have any questions&nbsp;<\/em><\/p><p>to my artwork or workshops!<\/p>\t\t\t\t\t\t\t\t<\/div>\n\t\t\t\t<\/div>\n\t\t\t\t\t<\/div>\n\t\t\t\t<\/div>\n\t\t<div class=\"elementor-element elementor-element-ba32cef e-flex e-con-boxed e-con e-parent\" data-id=\"ba32cef\" data-element_type=\"container\" data-e-type=\"container\">\n\t\t\t\t\t<div class=\"e-con-inner\">\n\t\t<div class=\"elementor-element elementor-element-602eb74 e-con-full e-flex e-con e-child\" data-id=\"602eb74\" data-element_type=\"container\" data-e-type=\"container\">\n\t\t\t\t<div class=\"elementor-element elementor-element-f418b16 elementor-button-align-start elementor-widget elementor-widget-form\" data-id=\"f418b16\" data-element_type=\"widget\" data-e-type=\"widget\" data-settings=\"{&quot;step_next_label&quot;:&quot;Next&quot;,&quot;step_previous_label&quot;:&quot;Previous&quot;,&quot;step_type&quot;:&quot;number_text&quot;,&quot;step_icon_shape&quot;:&quot;circle&quot;}\" data-widget_type=\"form.default\">\n\t\t\t\t<div class=\"elementor-widget-container\">\n\t\t\t\t\t\t\t<form class=\"elementor-form\" method=\"post\" name=\"Contact\" aria-label=\"Contact\">\n\t\t\t<input type=\"hidden\" name=\"post_id\" value=\"2695\"\/>\n\t\t\t<input type=\"hidden\" name=\"form_id\" value=\"f418b16\"\/>\n\t\t\t<input type=\"hidden\" name=\"referer_title\" value=\"Contact page\" \/>\n\n\t\t\t\t\t\t\t<input type=\"hidden\" name=\"queried_id\" value=\"2695\"\/>\n\t\t\t\n\t\t\t<div class=\"elementor-form-fields-wrapper elementor-labels-above\">\n\t\t\t\t\t\t\t\t<div class=\"elementor-field-type-text\">\n\t\t\t\t\t<input size=\"1\" type=\"text\" name=\"form_fields[email2]\" id=\"form-field-email2\" class=\"elementor-field elementor-size-md \" style=\"display:none !important;\">\t\t\t\t<\/div>\n\t\t\t\t\t\t\t\t<div class=\"elementor-field-type-text\">\n\t\t\t\t\t<input size=\"1\" type=\"text\" name=\"form_fields[name]\" id=\"form-field-name\" class=\"elementor-field elementor-size-md \" style=\"display:none !important;\">\t\t\t\t<\/div>\n\t\t\t\t\t\t\t\t<div class=\"elementor-field-type-text elementor-field-group elementor-column elementor-field-group-firstname elementor-col-50 elementor-field-required elementor-mark-required\">\n\t\t\t\t\t\t\t\t\t\t\t\t<label for=\"form-field-firstname\" class=\"elementor-field-label\">\n\t\t\t\t\t\t\t\tFirst Name\t\t\t\t\t\t\t<\/label>\n\t\t\t\t\t\t\t\t\t\t\t\t\t\t<input size=\"1\" type=\"text\" name=\"form_fields[firstname]\" id=\"form-field-firstname\" class=\"elementor-field elementor-size-md  elementor-field-textual\" required=\"required\">\n\t\t\t\t\t\t\t\t\t\t\t<\/div>\n\t\t\t\t\t\t\t\t<div class=\"elementor-field-type-text elementor-field-group elementor-column elementor-field-group-lastname elementor-col-50 elementor-field-required elementor-mark-required\">\n\t\t\t\t\t\t\t\t\t\t\t\t<label for=\"form-field-lastname\" class=\"elementor-field-label\">\n\t\t\t\t\t\t\t\tLast Name\t\t\t\t\t\t\t<\/label>\n\t\t\t\t\t\t\t\t\t\t\t\t\t\t<input size=\"1\" type=\"text\" name=\"form_fields[lastname]\" id=\"form-field-lastname\" class=\"elementor-field elementor-size-md  elementor-field-textual\" required=\"required\">\n\t\t\t\t\t\t\t\t\t\t\t<\/div>\n\t\t\t\t\t\t\t\t<div class=\"elementor-field-type-email elementor-field-group elementor-column elementor-field-group-email elementor-col-50 elementor-field-required elementor-mark-required\">\n\t\t\t\t\t\t\t\t\t\t\t\t<label for=\"form-field-email\" class=\"elementor-field-label\">\n\t\t\t\t\t\t\t\tEmail address\t\t\t\t\t\t\t<\/label>\n\t\t\t\t\t\t\t\t\t\t\t\t\t\t<input size=\"1\" type=\"email\" name=\"form_fields[email]\" id=\"form-field-email\" class=\"elementor-field elementor-size-md  elementor-field-textual\" required=\"required\">\n\t\t\t\t\t\t\t\t\t\t\t<\/div>\n\t\t\t\t\t\t\t\t<div class=\"elementor-field-type-tel elementor-field-group elementor-column elementor-field-group-phone elementor-col-50 elementor-field-required elementor-mark-required\">\n\t\t\t\t\t\t\t\t\t\t\t\t<label for=\"form-field-phone\" class=\"elementor-field-label\">\n\t\t\t\t\t\t\t\tPhone number\t\t\t\t\t\t\t<\/label>\n\t\t\t\t\t\t\t\t<input size=\"1\" type=\"tel\" name=\"form_fields[phone]\" id=\"form-field-phone\" class=\"elementor-field elementor-size-md  elementor-field-textual\" required=\"required\" pattern=\"[0-9()#&amp;+*-=.]+\" title=\"Only numbers and phone characters (#, -, *, etc) are accepted.\">\n\n\t\t\t\t\t\t<\/div>\n\t\t\t\t\t\t\t\t<div class=\"elementor-field-type-textarea elementor-field-group elementor-column elementor-field-group-message elementor-col-100 elementor-field-required elementor-mark-required\">\n\t\t\t\t\t\t\t\t\t\t\t\t<label for=\"form-field-message\" class=\"elementor-field-label\">\n\t\t\t\t\t\t\t\tMessage\t\t\t\t\t\t\t<\/label>\n\t\t\t\t\t\t<textarea class=\"elementor-field-textual elementor-field  elementor-size-md\" name=\"form_fields[message]\" id=\"form-field-message\" rows=\"4\" required=\"required\"><\/textarea>\t\t\t\t<\/div>\n\t\t\t\t\t\t\t\t<div class=\"elementor-field-group elementor-column elementor-field-type-submit elementor-col-100 e-form__buttons\">\n\t\t\t\t\t<button class=\"elementor-button elementor-size-sm\" type=\"submit\">\n\t\t\t\t\t\t<span class=\"elementor-button-content-wrapper\">\n\t\t\t\t\t\t\t\t\t\t\t\t\t\t\t\t\t\t\t\t\t\t<span class=\"elementor-button-text\">Submit<\/span>\n\t\t\t\t\t\t\t\t\t\t\t\t\t<\/span>\n\t\t\t\t\t<\/button>\n\t\t\t\t<\/div>\n\t\t\t<\/div>\n\t\t<\/form>\n\t\t\t\t\t\t<\/div>\n\t\t\t\t<\/div>\n\t\t\t\t<\/div>\n\t\t<div class=\"elementor-element elementor-element-15559a2 e-con-full e-flex e-con e-child\" data-id=\"15559a2\" data-element_type=\"container\" data-e-type=\"container\">\n\t\t\t\t<div class=\"elementor-element elementor-element-fa415d1 elementor-widget elementor-widget-heading\" data-id=\"fa415d1\" data-element_type=\"widget\" data-e-type=\"widget\" data-widget_type=\"heading.default\">\n\t\t\t\t<div class=\"elementor-widget-container\">\n\t\t\t\t\t<h2 class=\"elementor-heading-title elementor-size-default\">Contact Info<\/h2>\t\t\t\t<\/div>\n\t\t\t\t<\/div>\n\t\t\t\t<div class=\"elementor-element elementor-element-a0f474d elementor-icon-list--layout-traditional elementor-list-item-link-full_width elementor-widget elementor-widget-icon-list\" data-id=\"a0f474d\" data-element_type=\"widget\" data-e-type=\"widget\" data-widget_type=\"icon-list.default\">\n\t\t\t\t<div class=\"elementor-widget-container\">\n\t\t\t\t\t\t\t<ul class=\"elementor-icon-list-items\">\n\t\t\t\t\t\t\t<li class=\"elementor-icon-list-item\">\n\t\t\t\t\t\t\t\t\t\t\t<span class=\"elementor-icon-list-icon\">\n\t\t\t\t\t\t\t<svg xmlns=\"http:\/\/www.w3.org\/2000\/svg\" width=\"24\" height=\"24\" viewBox=\"0 0 24 24\" fill=\"none\"><path d=\"M12 12C12.55 12 13.021 11.804 13.413 11.412C13.8043 11.0207 14 10.55 14 10C14 9.45 13.8043 8.979 13.413 8.587C13.021 8.19567 12.55 8 12 8C11.45 8 10.9793 8.19567 10.588 8.587C10.196 8.979 10 9.45 10 10C10 10.55 10.196 11.0207 10.588 11.412C10.9793 11.804 11.45 12 12 12ZM12 19.35C14.0333 17.4833 15.5417 15.7873 16.525 14.262C17.5083 12.7373 18 11.3833 18 10.2C18 8.38333 17.4207 6.89567 16.262 5.737C15.104 4.579 13.6833 4 12 4C10.3167 4 8.89567 4.579 7.737 5.737C6.579 6.89567 6 8.38333 6 10.2C6 11.3833 6.49167 12.7373 7.475 14.262C8.45833 15.7873 9.96667 17.4833 12 19.35ZM12 22C9.31667 19.7167 7.31267 17.5957 5.988 15.637C4.66267 13.679 4 11.8667 4 10.2C4 7.7 4.80433 5.70833 6.413 4.225C8.021 2.74167 9.88333 2 12 2C14.1167 2 15.979 2.74167 17.587 4.225C19.1957 5.70833 20 7.7 20 10.2C20 11.8667 19.3377 13.679 18.013 15.637C16.6877 17.5957 14.6833 19.7167 12 22Z\" fill=\"#232323\"><\/path><\/svg>\t\t\t\t\t\t<\/span>\n\t\t\t\t\t\t\t\t\t\t<span class=\"elementor-icon-list-text\">MONIRA ART GALLERY: M\u00fchlenweg 34, <br>88633 Heiligenberg. Germany (Bambuswald)<br>Ge\u00f6ffnet zu von M\u00e4rz bis Oktober<br>ART STUDIO: Unterer Sch\u00fctzenrain, Meersburg <\/span>\n\t\t\t\t\t\t\t\t\t<\/li>\n\t\t\t\t\t\t\t\t<li class=\"elementor-icon-list-item\">\n\t\t\t\t\t\t\t\t\t\t\t<span class=\"elementor-icon-list-icon\">\n\t\t\t\t\t\t\t<svg xmlns=\"http:\/\/www.w3.org\/2000\/svg\" width=\"24\" height=\"24\" viewBox=\"0 0 24 24\" fill=\"none\"><path d=\"M19.0498 4.91006C18.133 3.98399 17.041 3.24973 15.8374 2.75011C14.6339 2.25049 13.3429 1.99552 12.0398 2.00006C6.5798 2.00006 2.1298 6.45006 2.1298 11.9101C2.1298 13.6601 2.5898 15.3601 3.4498 16.8601L2.0498 22.0001L7.2998 20.6201C8.7498 21.4101 10.3798 21.8301 12.0398 21.8301C17.4998 21.8301 21.9498 17.3801 21.9498 11.9201C21.9498 9.27006 20.9198 6.78006 19.0498 4.91006ZM12.0398 20.1501C10.5598 20.1501 9.1098 19.7501 7.8398 19.0001L7.5398 18.8201L4.4198 19.6401L5.2498 16.6001L5.0498 16.2901C4.22755 14.977 3.79094 13.4593 3.7898 11.9101C3.7898 7.37006 7.4898 3.67006 12.0298 3.67006C14.2298 3.67006 16.2998 4.53006 17.8498 6.09006C18.6173 6.85402 19.2255 7.76272 19.6392 8.76348C20.0529 9.76425 20.2638 10.8372 20.2598 11.9201C20.2798 16.4601 16.5798 20.1501 12.0398 20.1501ZM16.5598 13.9901C16.3098 13.8701 15.0898 13.2701 14.8698 13.1801C14.6398 13.1001 14.4798 13.0601 14.3098 13.3001C14.1398 13.5501 13.6698 14.1101 13.5298 14.2701C13.3898 14.4401 13.2398 14.4601 12.9898 14.3301C12.7398 14.2101 11.9398 13.9401 10.9998 13.1001C10.2598 12.4401 9.7698 11.6301 9.6198 11.3801C9.4798 11.1301 9.5998 11.0001 9.7298 10.8701C9.8398 10.7601 9.9798 10.5801 10.0998 10.4401C10.2198 10.3001 10.2698 10.1901 10.3498 10.0301C10.4298 9.86006 10.3898 9.72006 10.3298 9.60006C10.2698 9.48006 9.7698 8.26006 9.5698 7.76006C9.3698 7.28006 9.1598 7.34006 9.0098 7.33006H8.5298C8.3598 7.33006 8.0998 7.39006 7.8698 7.64006C7.6498 7.89006 7.0098 8.49006 7.0098 9.71006C7.0098 10.9301 7.89981 12.1101 8.0198 12.2701C8.1398 12.4401 9.7698 14.9401 12.2498 16.0101C12.8398 16.2701 13.2998 16.4201 13.6598 16.5301C14.2498 16.7201 14.7898 16.6901 15.2198 16.6301C15.6998 16.5601 16.6898 16.0301 16.8898 15.4501C17.0998 14.8701 17.0998 14.3801 17.0298 14.2701C16.9598 14.1601 16.8098 14.1101 16.5598 13.9901Z\" fill=\"#232323\"><\/path><\/svg>\t\t\t\t\t\t<\/span>\n\t\t\t\t\t\t\t\t\t\t<span class=\"elementor-icon-list-text\">(+49)15150993349 mobile<\/span>\n\t\t\t\t\t\t\t\t\t<\/li>\n\t\t\t\t\t\t<\/ul>\n\t\t\t\t\t\t<\/div>\n\t\t\t\t<\/div>\n\t\t\t\t<\/div>\n\t\t\t\t\t<\/div>\n\t\t\t\t<\/div>\n\t\t<div class=\"elementor-element elementor-element-448456c e-flex e-con-boxed e-con e-parent\" data-id=\"448456c\" data-element_type=\"container\" data-e-type=\"container\">\n\t\t\t\t\t<div class=\"e-con-inner\">\n\t\t\t\t<div class=\"elementor-element elementor-element-caaa9d3 elementor-widget elementor-widget-image\" data-id=\"caaa9d3\" data-element_type=\"widget\" data-e-type=\"widget\" data-widget_type=\"image.default\">\n\t\t\t\t<div class=\"elementor-widget-container\">\n\t\t\t\t\t\t\t\t\t\t\t\t<figure class=\"wp-caption\">\n\t\t\t\t\t\t\t\t\t\t<img fetchpriority=\"high\" decoding=\"async\" width=\"480\" height=\"640\" src=\"https:\/\/monira-art.de\/wp-content\/uploads\/IMG_4422-rotated.jpg\" class=\"attachment-medium_large size-medium_large wp-image-6502\" alt=\"Monira Art K\u00fcnstlerin im Bambuswald\" srcset=\"https:\/\/monira-art.de\/wp-content\/uploads\/IMG_4422-rotated.jpg 480w, https:\/\/monira-art.de\/wp-content\/uploads\/IMG_4422-225x300.jpg 225w\" sizes=\"(max-width: 480px) 100vw, 480px\" \/>\t\t\t\t\t\t\t\t\t\t\t<figcaption class=\"widget-image-caption wp-caption-text\">Amelie Monira Egenolf<\/figcaption>\n\t\t\t\t\t\t\t\t\t\t<\/figure>\n\t\t\t\t\t\t\t\t\t<\/div>\n\t\t\t\t<\/div>\n\t\t\t\t\t<\/div>\n\t\t\t\t<\/div>\n\t\t\t\t<\/div>\n\t\t","protected":false},"excerpt":{"rendered":"<p>Please contact us if you would like to commission a picture or have any questions&nbsp; to my artwork or workshops! Contact Info MONIRA ART GALLERY: M\u00fchlenweg 34, 88633 Heiligenberg. Germany (Bambuswald)Ge\u00f6ffnet zu von M\u00e4rz bis OktoberART STUDIO: Unterer Sch\u00fctzenrain, Meersburg (+49)15150993349 mobile Amelie Monira Egenolf<\/p>\n","protected":false},"author":2,"featured_media":0,"parent":0,"menu_order":0,"comment_status":"closed","ping_status":"closed","template":"elementor_header_footer","meta":{"footnotes":""},"folder":[],"class_list":["post-2695","page","type-page","status-publish","hentry"],"yoast_head":"<!-- This site is optimized with the Yoast SEO plugin v26.8 - https:\/\/yoast.com\/product\/yoast-seo-wordpress\/ -->\n<title>Contact page<\/title>\n<meta name=\"description\" content=\"Contact Amelie Monira Egenolf and order a commissioned work, ask for workshops or suggest a collaboration.\" \/>\n<meta name=\"robots\" content=\"index, follow, max-snippet:-1, max-image-preview:large, max-video-preview:-1\" \/>\n<link rel=\"canonical\" href=\"https:\/\/monira-art.de\/en\/contact\/\" \/>\n<meta property=\"og:locale\" content=\"en_US\" \/>\n<meta property=\"og:type\" content=\"article\" \/>\n<meta property=\"og:title\" content=\"Contact page of Monira Art\" \/>\n<meta property=\"og:description\" content=\"Contact Amelie Monira Egenolf and order a commissioned work, ask for workshops or suggest a collaboration.\" \/>\n<meta property=\"og:url\" content=\"https:\/\/monira-art.de\/en\/contact\/\" \/>\n<meta property=\"og:site_name\" content=\"Monira Art\" \/>\n<meta property=\"article:publisher\" content=\"https:\/\/facebook.com\/MONIRAART8\" \/>\n<meta property=\"article:modified_time\" content=\"2025-10-28T21:18:52+00:00\" \/>\n<meta property=\"og:image\" content=\"https:\/\/monira-art.de\/wp-content\/uploads\/IMG_4422-225x300.jpg\" \/>\n<meta name=\"twitter:card\" content=\"summary_large_image\" \/>\n<script type=\"application\/ld+json\" class=\"yoast-schema-graph\">{\"@context\":\"https:\/\/schema.org\",\"@graph\":[{\"@type\":\"WebPage\",\"@id\":\"https:\/\/monira-art.de\/en\/contact\/\",\"url\":\"https:\/\/monira-art.de\/en\/contact\/\",\"name\":\"Contact page\",\"isPartOf\":{\"@id\":\"https:\/\/monira-art.de\/#website\"},\"primaryImageOfPage\":{\"@id\":\"https:\/\/monira-art.de\/en\/contact\/#primaryimage\"},\"image\":{\"@id\":\"https:\/\/monira-art.de\/en\/contact\/#primaryimage\"},\"thumbnailUrl\":\"https:\/\/monira-art.de\/wp-content\/uploads\/IMG_4422-rotated.jpg\",\"datePublished\":\"2023-12-07T19:48:39+00:00\",\"dateModified\":\"2025-10-28T21:18:52+00:00\",\"description\":\"Contact Amelie Monira Egenolf and order a commissioned work, ask for workshops or suggest a collaboration.\",\"breadcrumb\":{\"@id\":\"https:\/\/monira-art.de\/en\/contact\/#breadcrumb\"},\"inLanguage\":\"en-US\",\"potentialAction\":[{\"@type\":\"ReadAction\",\"target\":[\"https:\/\/monira-art.de\/en\/contact\/\"]}]},{\"@type\":\"ImageObject\",\"inLanguage\":\"en-US\",\"@id\":\"https:\/\/monira-art.de\/en\/contact\/#primaryimage\",\"url\":\"https:\/\/monira-art.de\/wp-content\/uploads\/IMG_4422-rotated.jpg\",\"contentUrl\":\"https:\/\/monira-art.de\/wp-content\/uploads\/IMG_4422-rotated.jpg\"},{\"@type\":\"BreadcrumbList\",\"@id\":\"https:\/\/monira-art.de\/en\/contact\/#breadcrumb\",\"itemListElement\":[{\"@type\":\"ListItem\",\"position\":1,\"name\":\"Startseite\",\"item\":\"https:\/\/monira-art.de\/en\/home\/\"},{\"@type\":\"ListItem\",\"position\":2,\"name\":\"Contact\"}]},{\"@type\":\"WebSite\",\"@id\":\"https:\/\/monira-art.de\/#website\",\"url\":\"https:\/\/monira-art.de\/\",\"name\":\"Monira Art\",\"description\":\"\",\"publisher\":{\"@id\":\"https:\/\/monira-art.de\/#organization\"},\"potentialAction\":[{\"@type\":\"SearchAction\",\"target\":{\"@type\":\"EntryPoint\",\"urlTemplate\":\"https:\/\/monira-art.de\/?s={search_term_string}\"},\"query-input\":{\"@type\":\"PropertyValueSpecification\",\"valueRequired\":true,\"valueName\":\"search_term_string\"}}],\"inLanguage\":\"en-US\"},{\"@type\":\"Organization\",\"@id\":\"https:\/\/monira-art.de\/#organization\",\"name\":\"Monira Art\",\"alternateName\":\"Amelie Monira Egenolf\",\"url\":\"https:\/\/monira-art.de\/\",\"logo\":{\"@type\":\"ImageObject\",\"inLanguage\":\"en-US\",\"@id\":\"https:\/\/monira-art.de\/#\/schema\/logo\/image\/\",\"url\":\"https:\/\/monira-art.de\/wp-content\/uploads\/Mask-group-1.svg\",\"contentUrl\":\"https:\/\/monira-art.de\/wp-content\/uploads\/Mask-group-1.svg\",\"width\":182,\"height\":107,\"caption\":\"Monira Art\"},\"image\":{\"@id\":\"https:\/\/monira-art.de\/#\/schema\/logo\/image\/\"},\"sameAs\":[\"https:\/\/facebook.com\/MONIRAART8\",\"https:\/\/instagram.com\/moniraart\"]}]}<\/script>\n<!-- \/ Yoast SEO plugin. -->","yoast_head_json":{"title":"Contact page","description":"Contact Amelie Monira Egenolf and order a commissioned work, ask for workshops or suggest a collaboration.","robots":{"index":"index","follow":"follow","max-snippet":"max-snippet:-1","max-image-preview":"max-image-preview:large","max-video-preview":"max-video-preview:-1"},"canonical":"https:\/\/monira-art.de\/en\/contact\/","og_locale":"en_US","og_type":"article","og_title":"Contact page of Monira Art","og_description":"Contact Amelie Monira Egenolf and order a commissioned work, ask for workshops or suggest a collaboration.","og_url":"https:\/\/monira-art.de\/en\/contact\/","og_site_name":"Monira Art","article_publisher":"https:\/\/facebook.com\/MONIRAART8","article_modified_time":"2025-10-28T21:18:52+00:00","og_image":[{"url":"https:\/\/monira-art.de\/wp-content\/uploads\/IMG_4422-225x300.jpg","type":"","width":"","height":""}],"twitter_card":"summary_large_image","schema":{"@context":"https:\/\/schema.org","@graph":[{"@type":"WebPage","@id":"https:\/\/monira-art.de\/en\/contact\/","url":"https:\/\/monira-art.de\/en\/contact\/","name":"Contact page","isPartOf":{"@id":"https:\/\/monira-art.de\/#website"},"primaryImageOfPage":{"@id":"https:\/\/monira-art.de\/en\/contact\/#primaryimage"},"image":{"@id":"https:\/\/monira-art.de\/en\/contact\/#primaryimage"},"thumbnailUrl":"https:\/\/monira-art.de\/wp-content\/uploads\/IMG_4422-rotated.jpg","datePublished":"2023-12-07T19:48:39+00:00","dateModified":"2025-10-28T21:18:52+00:00","description":"Contact Amelie Monira Egenolf and order a commissioned work, ask for workshops or suggest a collaboration.","breadcrumb":{"@id":"https:\/\/monira-art.de\/en\/contact\/#breadcrumb"},"inLanguage":"en-US","potentialAction":[{"@type":"ReadAction","target":["https:\/\/monira-art.de\/en\/contact\/"]}]},{"@type":"ImageObject","inLanguage":"en-US","@id":"https:\/\/monira-art.de\/en\/contact\/#primaryimage","url":"https:\/\/monira-art.de\/wp-content\/uploads\/IMG_4422-rotated.jpg","contentUrl":"https:\/\/monira-art.de\/wp-content\/uploads\/IMG_4422-rotated.jpg"},{"@type":"BreadcrumbList","@id":"https:\/\/monira-art.de\/en\/contact\/#breadcrumb","itemListElement":[{"@type":"ListItem","position":1,"name":"Startseite","item":"https:\/\/monira-art.de\/en\/home\/"},{"@type":"ListItem","position":2,"name":"Contact"}]},{"@type":"WebSite","@id":"https:\/\/monira-art.de\/#website","url":"https:\/\/monira-art.de\/","name":"Monira Art","description":"","publisher":{"@id":"https:\/\/monira-art.de\/#organization"},"potentialAction":[{"@type":"SearchAction","target":{"@type":"EntryPoint","urlTemplate":"https:\/\/monira-art.de\/?s={search_term_string}"},"query-input":{"@type":"PropertyValueSpecification","valueRequired":true,"valueName":"search_term_string"}}],"inLanguage":"en-US"},{"@type":"Organization","@id":"https:\/\/monira-art.de\/#organization","name":"Monira Art","alternateName":"Amelie Monira Egenolf","url":"https:\/\/monira-art.de\/","logo":{"@type":"ImageObject","inLanguage":"en-US","@id":"https:\/\/monira-art.de\/#\/schema\/logo\/image\/","url":"https:\/\/monira-art.de\/wp-content\/uploads\/Mask-group-1.svg","contentUrl":"https:\/\/monira-art.de\/wp-content\/uploads\/Mask-group-1.svg","width":182,"height":107,"caption":"Monira Art"},"image":{"@id":"https:\/\/monira-art.de\/#\/schema\/logo\/image\/"},"sameAs":["https:\/\/facebook.com\/MONIRAART8","https:\/\/instagram.com\/moniraart"]}]}},"_links":{"self":[{"href":"https:\/\/monira-art.de\/en\/wp-json\/wp\/v2\/pages\/2695","targetHints":{"allow":["GET"]}}],"collection":[{"href":"https:\/\/monira-art.de\/en\/wp-json\/wp\/v2\/pages"}],"about":[{"href":"https:\/\/monira-art.de\/en\/wp-json\/wp\/v2\/types\/page"}],"author":[{"embeddable":true,"href":"https:\/\/monira-art.de\/en\/wp-json\/wp\/v2\/users\/2"}],"replies":[{"embeddable":true,"href":"https:\/\/monira-art.de\/en\/wp-json\/wp\/v2\/comments?post=2695"}],"version-history":[{"count":10,"href":"https:\/\/monira-art.de\/en\/wp-json\/wp\/v2\/pages\/2695\/revisions"}],"predecessor-version":[{"id":10605,"href":"https:\/\/monira-art.de\/en\/wp-json\/wp\/v2\/pages\/2695\/revisions\/10605"}],"wp:attachment":[{"href":"https:\/\/monira-art.de\/en\/wp-json\/wp\/v2\/media?parent=2695"}],"wp:term":[{"taxonomy":"folder","embeddable":true,"href":"https:\/\/monira-art.de\/en\/wp-json\/wp\/v2\/folder?post=2695"}],"curies":[{"name":"wp","href":"https:\/\/api.w.org\/{rel}","templated":true}]}}