{"id":10099,"date":"2025-06-06T08:08:25","date_gmt":"2025-06-06T06:08:25","guid":{"rendered":"https:\/\/monira-art.de\/?post_type=product&#038;p=10099"},"modified":"2025-06-06T12:20:53","modified_gmt":"2025-06-06T10:20:53","slug":"oil-painting-the-kingdom-within-you-kopie","status":"publish","type":"product","link":"https:\/\/monira-art.de\/en\/shop\/oil-painting-the-kingdom-within-you-kopie\/","title":{"rendered":"Oil Painting: When two lovers meet, times stands still"},"content":{"rendered":"\t\t<div data-elementor-type=\"product-post\" data-elementor-id=\"10099\" class=\"elementor elementor-10099 elementor-10098\" data-elementor-post-type=\"product\">\n\t\t\t\t<div class=\"elementor-element elementor-element-cfbf2ac e-flex e-con-boxed e-con e-parent\" data-id=\"cfbf2ac\" data-element_type=\"container\" data-e-type=\"container\">\n\t\t\t\t\t<div class=\"e-con-inner\">\n\t\t<div class=\"elementor-element elementor-element-694770c e-con-full e-flex e-con e-child\" data-id=\"694770c\" data-element_type=\"container\" data-e-type=\"container\">\n\t\t\t\t<div class=\"elementor-element elementor-element-01febd4 elementor-widget elementor-widget-text-editor\" data-id=\"01febd4\" data-element_type=\"widget\" data-e-type=\"widget\" data-widget_type=\"text-editor.default\">\n\t\t\t\t<div class=\"elementor-widget-container\">\n\t\t\t\t\t\t\t\t\t<h4><strong>When two lovers meet, time stands still &#8211; <\/strong><\/h4><h4><strong>Wenn sich zwei Liebende treffen, steht die Zeit still<\/strong><\/h4><p>A lion and lioness stand facing each other in the middle of the impressive portico of the Palazzo Spada in Rome. Their gazes meet in silent agreement: powerful and full of pride. The harmony of architecture and emotion reveals a quiet truth: beauty and love are the driving forces &#8211; then as now.<br>Their love is the foundation on which everything rests &#8211; just like the architecture of Rome on its pillars.   <\/p><p><br>In Rome, where every stone holds memories and every shadow speaks of centuries, love does not fade &#8211; it remains. <\/p><p><br>They say that when two souls truly meet, time forgets to move. The clocks stop, the streets fall silent and even the Eternal City holds its breath.  <\/p><p><br>Under the ancient arches of Rome, where gods once walked and emperors dreamed, a gaze shared between two lovers becomes more permanent than marble. Their bond is not part of time &#8211; it is part of eternity.  <\/p><p><br>Rome, the city that has survived everything &#8211; destruction, rebirth, glory, silence &#8211; knows this truth very well: <br>That love, when it is genuine, does not belong to the moment. <\/p><p>It belongs to eternity.<\/p><p>Mixed Media Oil Painting on canvas.. 120cm x 100cm x 4cm. <\/p><p>The picture incorporates elements of silver and mother-of-pearl, as well as gold leaf and leather.<\/p><p>This picture is ready to hang and ready to embellish your home in a beautiful place. Treat yourself to a work of art that not only touches your walls, but also your heart. Perfect for your living room, bedroom or office &#8211; a highlight for any room.<\/p>\t\t\t\t\t\t\t\t<\/div>\n\t\t\t\t<\/div>\n\t\t\t\t<\/div>\n\t\t<div class=\"elementor-element elementor-element-317246b e-con-full e-flex e-con e-child\" data-id=\"317246b\" data-element_type=\"container\" data-e-type=\"container\">\n\t\t\t\t<div class=\"elementor-element elementor-element-d1650dc elementor-widget elementor-widget-text-editor\" data-id=\"d1650dc\" data-element_type=\"widget\" data-e-type=\"widget\" data-widget_type=\"text-editor.default\">\n\t\t\t\t<div class=\"elementor-widget-container\">\n\t\t\t\t\t\t\t\t\t<p><em><span style=\"text-decoration: underline;\"><strong>Monira&#8217;s inspiration:<\/strong><\/span><\/em><\/p><p>Rome &#8211; city of the gods and eternity<\/p><p>\u201cI have been to this beautiful city several times and I am inspired by the old Roman buildings and the flair they exude. The artist Piranesi, who sketched Roman buildings, also inspired me with the portico. <\/p><p>Rome is more than just a city &#8211; it is a living memory of humanity, a place where stone becomes language and history breathes. No other city bears the title: the Eternal, as naturally as Rome. For it is here that time, myth and people merge into a single, powerful narrative.  <\/p><p>Walking through Rome makes you small and big at the same time. Small in the face of the millennia. Big through the realization of being part of something bigger. Perhaps it is precisely this tension &#8211; between man and myth, between now and always &#8211; that makes Rome a place where love finds its deepest expression.   <\/p><p>My intention is for the viewer to absorb the energy, love and peace that I want to convey and transfer it to their own lives. My paintings are a reminder that true happiness is often found in closeness to others and in harmony with nature. They invite you to pause in the midst of everyday life and recognise the beauty and meaning of love, connection and harmony.  <\/p><p>I also want my work to foster an appreciation for the wonders of nature and inspire people to pursue their own visions and goals with the same calm and confidence that the animals in my paintings radiate. Ultimately, the paintings are meant to bring joy and contentment and reinforce the belief in one&#8217;s own inner strength and magic &#8211; an invitation to positively shape one&#8217;s own life and the world. <\/p><p>The animals I paint are unique and impressive creatures that we should protect so that future generations can also experience their splendor. With my paintings I would like to make a contribution to creating awareness and promoting the protection of these special animals.  Let&#8217;s stand up together for the preservation of their habitats! <\/p><p>I donate part of my earnings to animal reserves and other charitable organizations to promote the preservation of our planet.\u201d<\/p>\t\t\t\t\t\t\t\t<\/div>\n\t\t\t\t<\/div>\n\t\t\t\t<\/div>\n\t\t\t\t\t<\/div>\n\t\t\t\t<\/div>\n\t\t<div class=\"elementor-element elementor-element-e43c6fa e-flex e-con-boxed e-con e-parent\" data-id=\"e43c6fa\" data-element_type=\"container\" data-e-type=\"container\">\n\t\t\t\t\t<div class=\"e-con-inner\">\n\t\t<div class=\"elementor-element elementor-element-54e3fdb e-con-full e-flex e-con e-child\" data-id=\"54e3fdb\" data-element_type=\"container\" data-e-type=\"container\">\n\t\t\t\t<div class=\"elementor-element elementor-element-52c52bc elementor-widget elementor-widget-image\" data-id=\"52c52bc\" data-element_type=\"widget\" data-e-type=\"widget\" data-widget_type=\"image.default\">\n\t\t\t\t<div class=\"elementor-widget-container\">\n\t\t\t\t\t\t\t\t\t\t\t\t\t\t\t<img fetchpriority=\"high\" decoding=\"async\" width=\"800\" height=\"994\" src=\"https:\/\/monira-art.de\/wp-content\/uploads\/a6a57326-cb2e-4f8f-bbbf-82874847c9e5-824x1024.jpg\" class=\"attachment-large size-large wp-image-3509\" alt=\"Amelie Monira Egenolf auf Ausstellung\" srcset=\"https:\/\/monira-art.de\/wp-content\/uploads\/a6a57326-cb2e-4f8f-bbbf-82874847c9e5-824x1024.jpg 824w, https:\/\/monira-art.de\/wp-content\/uploads\/a6a57326-cb2e-4f8f-bbbf-82874847c9e5-241x300.jpg 241w, https:\/\/monira-art.de\/wp-content\/uploads\/a6a57326-cb2e-4f8f-bbbf-82874847c9e5-768x955.jpg 768w, https:\/\/monira-art.de\/wp-content\/uploads\/a6a57326-cb2e-4f8f-bbbf-82874847c9e5-1236x1536.jpg 1236w, https:\/\/monira-art.de\/wp-content\/uploads\/a6a57326-cb2e-4f8f-bbbf-82874847c9e5-600x746.jpg 600w, https:\/\/monira-art.de\/wp-content\/uploads\/a6a57326-cb2e-4f8f-bbbf-82874847c9e5.jpg 1428w\" sizes=\"(max-width: 800px) 100vw, 800px\" \/>\t\t\t\t\t\t\t\t\t\t\t\t\t\t\t<\/div>\n\t\t\t\t<\/div>\n\t\t\t\t<\/div>\n\t\t<div class=\"elementor-element elementor-element-82a0610 e-con-full e-flex e-con e-child\" data-id=\"82a0610\" data-element_type=\"container\" data-e-type=\"container\">\n\t\t\t\t<div class=\"elementor-element elementor-element-a7c8cce elementor-widget elementor-widget-heading\" data-id=\"a7c8cce\" data-element_type=\"widget\" data-e-type=\"widget\" data-widget_type=\"heading.default\">\n\t\t\t\t<div class=\"elementor-widget-container\">\n\t\t\t\t\t<h2 class=\"elementor-heading-title elementor-size-default\">About me<\/h2>\t\t\t\t<\/div>\n\t\t\t\t<\/div>\n\t\t\t\t<div class=\"elementor-element elementor-element-0ca5a25 elementor-widget elementor-widget-text-editor\" data-id=\"0ca5a25\" data-element_type=\"widget\" data-e-type=\"widget\" data-widget_type=\"text-editor.default\">\n\t\t\t\t<div class=\"elementor-widget-container\">\n\t\t\t\t\t\t\t\t\t<p>My name is Amelie Monira Egenolf and I am a freelance artist from Lake Constance. My painting style has many influences from my numerous stays abroad in South America and Asia. Spirituality, love, family and nature are the main themes in my paintings, with the intention of conjuring up light, magic, beauty and new energy in the lives of art lovers. I mainly paint with acrylic and oil paint and mixed techniques on canvas.<\/p>\t\t\t\t\t\t\t\t<\/div>\n\t\t\t\t<\/div>\n\t\t\t\t<\/div>\n\t\t\t\t\t<\/div>\n\t\t\t\t<\/div>\n\t\t<div class=\"elementor-element elementor-element-9c1ecd0 e-flex e-con-boxed e-con e-parent\" data-id=\"9c1ecd0\" data-element_type=\"container\" data-e-type=\"container\">\n\t\t\t\t\t<div class=\"e-con-inner\">\n\t\t<div class=\"elementor-element elementor-element-3dbfc2b e-con-full e-flex e-con e-child\" data-id=\"3dbfc2b\" data-element_type=\"container\" data-e-type=\"container\">\n\t\t\t\t<div class=\"elementor-element elementor-element-6bd5859 elementor-widget elementor-widget-image\" data-id=\"6bd5859\" data-element_type=\"widget\" data-e-type=\"widget\" data-widget_type=\"image.default\">\n\t\t\t\t<div class=\"elementor-widget-container\">\n\t\t\t\t\t\t\t\t\t\t\t\t\t\t\t<img decoding=\"async\" width=\"800\" height=\"779\" src=\"https:\/\/monira-art.de\/wp-content\/uploads\/04173a80-3c65-11f0-be45-f7b743b3017a-1-1024x997.jpg\" class=\"attachment-large size-large wp-image-9833\" alt=\"L\u00f6wengem\u00e4lde h\u00e4ngt im B\u00fcro hinter dem Schreibtisch\" srcset=\"https:\/\/monira-art.de\/wp-content\/uploads\/04173a80-3c65-11f0-be45-f7b743b3017a-1-1024x997.jpg 1024w, https:\/\/monira-art.de\/wp-content\/uploads\/04173a80-3c65-11f0-be45-f7b743b3017a-1-300x292.jpg 300w, https:\/\/monira-art.de\/wp-content\/uploads\/04173a80-3c65-11f0-be45-f7b743b3017a-1-768x748.jpg 768w, https:\/\/monira-art.de\/wp-content\/uploads\/04173a80-3c65-11f0-be45-f7b743b3017a-1-600x584.jpg 600w, https:\/\/monira-art.de\/wp-content\/uploads\/04173a80-3c65-11f0-be45-f7b743b3017a-1.jpg 1280w\" sizes=\"(max-width: 800px) 100vw, 800px\" \/>\t\t\t\t\t\t\t\t\t\t\t\t\t\t\t<\/div>\n\t\t\t\t<\/div>\n\t\t\t\t<\/div>\n\t\t<div class=\"elementor-element elementor-element-868f13a e-con-full e-flex e-con e-child\" data-id=\"868f13a\" data-element_type=\"container\" data-e-type=\"container\">\n\t\t\t\t<div class=\"elementor-element elementor-element-184909e elementor-widget elementor-widget-heading\" data-id=\"184909e\" data-element_type=\"widget\" data-e-type=\"widget\" data-widget_type=\"heading.default\">\n\t\t\t\t<div class=\"elementor-widget-container\">\n\t\t\t\t\t<h2 class=\"elementor-heading-title elementor-size-default\">More about the collection:<\/h2>\t\t\t\t<\/div>\n\t\t\t\t<\/div>\n\t\t\t\t<div class=\"elementor-element elementor-element-3191295 elementor-widget elementor-widget-text-editor\" data-id=\"3191295\" data-element_type=\"widget\" data-e-type=\"widget\" data-widget_type=\"text-editor.default\">\n\t\t\t\t<div class=\"elementor-widget-container\">\n\t\t\t\t\t\t\t\t\t<p>The \u2018Lions\u2019 collection by Monira Art embodies deep spiritual and emotional values that go beyond the mere depiction of majestic animals. \u2018In my paintings, the lion not only symbolises strength and courage, but also stands for inner peace, confidence and harmony with nature. By painting lions, I want to bring the viewer closer to the powerful energy of this animal &#8211; the energy that guides us to shape our lives with courage and determination while maintaining inner peace and serenity.  <\/p><p>For me, the lion as a power animal symbolises keen intuition and the ability to see life from a higher perspective. It reminds us that it is important to remain calm and clear in the midst of challenges in order to seize opportunities with courage and clarity. I want to convey these qualities through my art. Each of my paintings invites you to pause and feel the moment of stillness and strength that the lion embodies.   <\/p><p>My art should not only offer an aesthetic experience, but also convey deeper messages. It reminds us that true happiness lies in connecting with nature and other people, and that we can pursue our own visions and goals with the same inner strength that the lion symbolises.\u2019 <\/p>\t\t\t\t\t\t\t\t<\/div>\n\t\t\t\t<\/div>\n\t\t\t\t<\/div>\n\t\t\t\t\t<\/div>\n\t\t\t\t<\/div>\n\t\t\t\t<\/div>\n\t\t","protected":false},"excerpt":{"rendered":"<p>The painting \u201cWhen two lovers meet, time stands still\u201d shows two majestic lions gazing at each other in front of a Roman portico.<br \/>\n120 x 100 x 4cm<br \/>\nMixed media oil painting by Monira Art.<\/p>\n","protected":false},"featured_media":10121,"comment_status":"open","ping_status":"closed","template":"","meta":[],"product_brand":[],"product_cat":[132],"product_tag":[],"product-type":[84],"class_list":{"0":"post-10099","1":"product","2":"type-product","3":"status-publish","4":"has-post-thumbnail","6":"product_cat-wildlife-collection-monira-art-en","7":"product_shipping_class-originals-de-std-en","8":"product-type-orginals-en","10":"first","11":"instock","12":"sold-individually","13":"taxable","14":"shipping-taxable","15":"purchasable","16":"product-type-simple"},"yoast_head":"<!-- This site is optimized with the Yoast SEO plugin v26.8 - https:\/\/yoast.com\/product\/yoast-seo-wordpress\/ -->\n<title>Oil Painting: When two lovers meet, times stands still | Monira Art<\/title>\n<meta name=\"description\" content=\"The painting \u201cWhen two lovers meet, time stands still\u201d shows two majestic lions looking at each other in front of a portico in Rome. Oil painting.\" \/>\n<meta name=\"robots\" content=\"index, follow, max-snippet:-1, max-image-preview:large, max-video-preview:-1\" \/>\n<link rel=\"canonical\" href=\"https:\/\/monira-art.de\/en\/shop\/oil-painting-the-kingdom-within-you-kopie\/\" \/>\n<meta property=\"og:locale\" content=\"en_US\" \/>\n<meta property=\"og:type\" content=\"article\" \/>\n<meta property=\"og:title\" content=\"Oil Painting: When two lovers meet, times stands still | Monira Art\" \/>\n<meta property=\"og:description\" content=\"The painting \u201cWhen two lovers meet, time stands still\u201d shows two majestic lions looking at each other in front of a portico in Rome. Oil painting.\" \/>\n<meta property=\"og:url\" content=\"https:\/\/monira-art.de\/en\/shop\/oil-painting-the-kingdom-within-you-kopie\/\" \/>\n<meta property=\"og:site_name\" content=\"Monira Art\" \/>\n<meta property=\"article:publisher\" content=\"https:\/\/facebook.com\/MONIRAART8\" \/>\n<meta property=\"article:modified_time\" content=\"2025-06-06T10:20:53+00:00\" \/>\n<meta property=\"og:image\" content=\"https:\/\/monira-art.de\/wp-content\/uploads\/IMG_4717-2.jpg\" \/>\n\t<meta property=\"og:image:width\" content=\"640\" \/>\n\t<meta property=\"og:image:height\" content=\"490\" \/>\n\t<meta property=\"og:image:type\" content=\"image\/jpeg\" \/>\n<meta name=\"twitter:card\" content=\"summary_large_image\" \/>\n<script type=\"application\/ld+json\" class=\"yoast-schema-graph\">{\"@context\":\"https:\/\/schema.org\",\"@graph\":[{\"@type\":\"WebPage\",\"@id\":\"https:\/\/monira-art.de\/en\/shop\/oil-painting-the-kingdom-within-you-kopie\/\",\"url\":\"https:\/\/monira-art.de\/en\/shop\/oil-painting-the-kingdom-within-you-kopie\/\",\"name\":\"Oil Painting: When two lovers meet, times stands still | Monira Art\",\"isPartOf\":{\"@id\":\"https:\/\/monira-art.de\/#website\"},\"primaryImageOfPage\":{\"@id\":\"https:\/\/monira-art.de\/en\/shop\/oil-painting-the-kingdom-within-you-kopie\/#primaryimage\"},\"image\":{\"@id\":\"https:\/\/monira-art.de\/en\/shop\/oil-painting-the-kingdom-within-you-kopie\/#primaryimage\"},\"thumbnailUrl\":\"https:\/\/monira-art.de\/wp-content\/uploads\/IMG_4717-2.jpg\",\"datePublished\":\"2025-06-06T06:08:25+00:00\",\"dateModified\":\"2025-06-06T10:20:53+00:00\",\"description\":\"The painting \u201cWhen two lovers meet, time stands still\u201d shows two majestic lions looking at each other in front of a portico in Rome. Oil painting.\",\"breadcrumb\":{\"@id\":\"https:\/\/monira-art.de\/en\/shop\/oil-painting-the-kingdom-within-you-kopie\/#breadcrumb\"},\"inLanguage\":\"en-US\",\"potentialAction\":[{\"@type\":\"ReadAction\",\"target\":[\"https:\/\/monira-art.de\/en\/shop\/oil-painting-the-kingdom-within-you-kopie\/\"]}]},{\"@type\":\"ImageObject\",\"inLanguage\":\"en-US\",\"@id\":\"https:\/\/monira-art.de\/en\/shop\/oil-painting-the-kingdom-within-you-kopie\/#primaryimage\",\"url\":\"https:\/\/monira-art.de\/wp-content\/uploads\/IMG_4717-2.jpg\",\"contentUrl\":\"https:\/\/monira-art.de\/wp-content\/uploads\/IMG_4717-2.jpg\",\"width\":640,\"height\":490},{\"@type\":\"BreadcrumbList\",\"@id\":\"https:\/\/monira-art.de\/en\/shop\/oil-painting-the-kingdom-within-you-kopie\/#breadcrumb\",\"itemListElement\":[{\"@type\":\"ListItem\",\"position\":1,\"name\":\"Startseite\",\"item\":\"https:\/\/monira-art.de\/en\/home\/\"},{\"@type\":\"ListItem\",\"position\":2,\"name\":\"Shop\",\"item\":\"https:\/\/monira-art.de\/onlineshop\/\"},{\"@type\":\"ListItem\",\"position\":3,\"name\":\"Oil Painting: When two lovers meet, times stands still\"}]},{\"@type\":\"WebSite\",\"@id\":\"https:\/\/monira-art.de\/#website\",\"url\":\"https:\/\/monira-art.de\/\",\"name\":\"Monira Art\",\"description\":\"\",\"publisher\":{\"@id\":\"https:\/\/monira-art.de\/#organization\"},\"potentialAction\":[{\"@type\":\"SearchAction\",\"target\":{\"@type\":\"EntryPoint\",\"urlTemplate\":\"https:\/\/monira-art.de\/?s={search_term_string}\"},\"query-input\":{\"@type\":\"PropertyValueSpecification\",\"valueRequired\":true,\"valueName\":\"search_term_string\"}}],\"inLanguage\":\"en-US\"},{\"@type\":\"Organization\",\"@id\":\"https:\/\/monira-art.de\/#organization\",\"name\":\"Monira Art\",\"alternateName\":\"Amelie Monira Egenolf\",\"url\":\"https:\/\/monira-art.de\/\",\"logo\":{\"@type\":\"ImageObject\",\"inLanguage\":\"en-US\",\"@id\":\"https:\/\/monira-art.de\/#\/schema\/logo\/image\/\",\"url\":\"https:\/\/monira-art.de\/wp-content\/uploads\/Mask-group-1.svg\",\"contentUrl\":\"https:\/\/monira-art.de\/wp-content\/uploads\/Mask-group-1.svg\",\"width\":182,\"height\":107,\"caption\":\"Monira Art\"},\"image\":{\"@id\":\"https:\/\/monira-art.de\/#\/schema\/logo\/image\/\"},\"sameAs\":[\"https:\/\/facebook.com\/MONIRAART8\",\"https:\/\/instagram.com\/moniraart\"]}]}<\/script>\n<!-- \/ Yoast SEO plugin. -->","yoast_head_json":{"title":"Oil Painting: When two lovers meet, times stands still | Monira Art","description":"The painting \u201cWhen two lovers meet, time stands still\u201d shows two majestic lions looking at each other in front of a portico in Rome. Oil painting.","robots":{"index":"index","follow":"follow","max-snippet":"max-snippet:-1","max-image-preview":"max-image-preview:large","max-video-preview":"max-video-preview:-1"},"canonical":"https:\/\/monira-art.de\/en\/shop\/oil-painting-the-kingdom-within-you-kopie\/","og_locale":"en_US","og_type":"article","og_title":"Oil Painting: When two lovers meet, times stands still | Monira Art","og_description":"The painting \u201cWhen two lovers meet, time stands still\u201d shows two majestic lions looking at each other in front of a portico in Rome. Oil painting.","og_url":"https:\/\/monira-art.de\/en\/shop\/oil-painting-the-kingdom-within-you-kopie\/","og_site_name":"Monira Art","article_publisher":"https:\/\/facebook.com\/MONIRAART8","article_modified_time":"2025-06-06T10:20:53+00:00","og_image":[{"width":640,"height":490,"url":"https:\/\/monira-art.de\/wp-content\/uploads\/IMG_4717-2.jpg","type":"image\/jpeg"}],"twitter_card":"summary_large_image","schema":{"@context":"https:\/\/schema.org","@graph":[{"@type":"WebPage","@id":"https:\/\/monira-art.de\/en\/shop\/oil-painting-the-kingdom-within-you-kopie\/","url":"https:\/\/monira-art.de\/en\/shop\/oil-painting-the-kingdom-within-you-kopie\/","name":"Oil Painting: When two lovers meet, times stands still | Monira Art","isPartOf":{"@id":"https:\/\/monira-art.de\/#website"},"primaryImageOfPage":{"@id":"https:\/\/monira-art.de\/en\/shop\/oil-painting-the-kingdom-within-you-kopie\/#primaryimage"},"image":{"@id":"https:\/\/monira-art.de\/en\/shop\/oil-painting-the-kingdom-within-you-kopie\/#primaryimage"},"thumbnailUrl":"https:\/\/monira-art.de\/wp-content\/uploads\/IMG_4717-2.jpg","datePublished":"2025-06-06T06:08:25+00:00","dateModified":"2025-06-06T10:20:53+00:00","description":"The painting \u201cWhen two lovers meet, time stands still\u201d shows two majestic lions looking at each other in front of a portico in Rome. Oil painting.","breadcrumb":{"@id":"https:\/\/monira-art.de\/en\/shop\/oil-painting-the-kingdom-within-you-kopie\/#breadcrumb"},"inLanguage":"en-US","potentialAction":[{"@type":"ReadAction","target":["https:\/\/monira-art.de\/en\/shop\/oil-painting-the-kingdom-within-you-kopie\/"]}]},{"@type":"ImageObject","inLanguage":"en-US","@id":"https:\/\/monira-art.de\/en\/shop\/oil-painting-the-kingdom-within-you-kopie\/#primaryimage","url":"https:\/\/monira-art.de\/wp-content\/uploads\/IMG_4717-2.jpg","contentUrl":"https:\/\/monira-art.de\/wp-content\/uploads\/IMG_4717-2.jpg","width":640,"height":490},{"@type":"BreadcrumbList","@id":"https:\/\/monira-art.de\/en\/shop\/oil-painting-the-kingdom-within-you-kopie\/#breadcrumb","itemListElement":[{"@type":"ListItem","position":1,"name":"Startseite","item":"https:\/\/monira-art.de\/en\/home\/"},{"@type":"ListItem","position":2,"name":"Shop","item":"https:\/\/monira-art.de\/onlineshop\/"},{"@type":"ListItem","position":3,"name":"Oil Painting: When two lovers meet, times stands still"}]},{"@type":"WebSite","@id":"https:\/\/monira-art.de\/#website","url":"https:\/\/monira-art.de\/","name":"Monira Art","description":"","publisher":{"@id":"https:\/\/monira-art.de\/#organization"},"potentialAction":[{"@type":"SearchAction","target":{"@type":"EntryPoint","urlTemplate":"https:\/\/monira-art.de\/?s={search_term_string}"},"query-input":{"@type":"PropertyValueSpecification","valueRequired":true,"valueName":"search_term_string"}}],"inLanguage":"en-US"},{"@type":"Organization","@id":"https:\/\/monira-art.de\/#organization","name":"Monira Art","alternateName":"Amelie Monira Egenolf","url":"https:\/\/monira-art.de\/","logo":{"@type":"ImageObject","inLanguage":"en-US","@id":"https:\/\/monira-art.de\/#\/schema\/logo\/image\/","url":"https:\/\/monira-art.de\/wp-content\/uploads\/Mask-group-1.svg","contentUrl":"https:\/\/monira-art.de\/wp-content\/uploads\/Mask-group-1.svg","width":182,"height":107,"caption":"Monira Art"},"image":{"@id":"https:\/\/monira-art.de\/#\/schema\/logo\/image\/"},"sameAs":["https:\/\/facebook.com\/MONIRAART8","https:\/\/instagram.com\/moniraart"]}]}},"_links":{"self":[{"href":"https:\/\/monira-art.de\/en\/wp-json\/wp\/v2\/product\/10099","targetHints":{"allow":["GET"]}}],"collection":[{"href":"https:\/\/monira-art.de\/en\/wp-json\/wp\/v2\/product"}],"about":[{"href":"https:\/\/monira-art.de\/en\/wp-json\/wp\/v2\/types\/product"}],"replies":[{"embeddable":true,"href":"https:\/\/monira-art.de\/en\/wp-json\/wp\/v2\/comments?post=10099"}],"version-history":[{"count":3,"href":"https:\/\/monira-art.de\/en\/wp-json\/wp\/v2\/product\/10099\/revisions"}],"predecessor-version":[{"id":10161,"href":"https:\/\/monira-art.de\/en\/wp-json\/wp\/v2\/product\/10099\/revisions\/10161"}],"wp:featuredmedia":[{"embeddable":true,"href":"https:\/\/monira-art.de\/en\/wp-json\/wp\/v2\/media\/10121"}],"wp:attachment":[{"href":"https:\/\/monira-art.de\/en\/wp-json\/wp\/v2\/media?parent=10099"}],"wp:term":[{"taxonomy":"product_brand","embeddable":true,"href":"https:\/\/monira-art.de\/en\/wp-json\/wp\/v2\/product_brand?post=10099"},{"taxonomy":"product_cat","embeddable":true,"href":"https:\/\/monira-art.de\/en\/wp-json\/wp\/v2\/product_cat?post=10099"},{"taxonomy":"product_tag","embeddable":true,"href":"https:\/\/monira-art.de\/en\/wp-json\/wp\/v2\/product_tag?post=10099"},{"taxonomy":"product-type","embeddable":true,"href":"https:\/\/monira-art.de\/en\/wp-json\/wp\/v2\/product-type?post=10099"}],"curies":[{"name":"wp","href":"https:\/\/api.w.org\/{rel}","templated":true}]}}