{"id":10242,"date":"2025-06-10T19:37:49","date_gmt":"2025-06-10T17:37:49","guid":{"rendered":"https:\/\/monira-art.de\/?post_type=product&#038;p=10242"},"modified":"2025-06-10T20:50:31","modified_gmt":"2025-06-10T18:50:31","slug":"oil-painting-colors-of-wisdom-kopie","status":"publish","type":"product","link":"https:\/\/monira-art.de\/en\/shop\/oil-painting-colors-of-wisdom-kopie\/","title":{"rendered":"Oil Painting: Rhythm of connection"},"content":{"rendered":"\t\t<div data-elementor-type=\"product-post\" data-elementor-id=\"10242\" class=\"elementor elementor-10242 elementor-10241\" data-elementor-post-type=\"product\">\n\t\t\t\t<div class=\"elementor-element elementor-element-cfbf2ac e-flex e-con-boxed e-con e-parent\" data-id=\"cfbf2ac\" data-element_type=\"container\" data-e-type=\"container\">\n\t\t\t\t\t<div class=\"e-con-inner\">\n\t\t<div class=\"elementor-element elementor-element-694770c e-con-full e-flex e-con e-child\" data-id=\"694770c\" data-element_type=\"container\" data-e-type=\"container\">\n\t\t\t\t<div class=\"elementor-element elementor-element-01febd4 elementor-widget elementor-widget-text-editor\" data-id=\"01febd4\" data-element_type=\"widget\" data-e-type=\"widget\" data-widget_type=\"text-editor.default\">\n\t\t\t\t<div class=\"elementor-widget-container\">\n\t\t\t\t\t\t\t\t\t<p><em><strong>Rhythm of connection<\/strong><\/em><\/p><p>The oil painting captures the lively atmosphere of Goa with its bright colors and vibrant green rice fields. In the foreground, a colorfully painted temple elephant walks peacefully across bright flower meadows. In the background is a herd of elephants with a baby elephant and bright orange and green fields. The scene radiates a harmonious connection between animal and nature.    <\/p><p>Mixed media oil painting on canvas.<\/p><p>100x50x4cm on Canvas<\/p><p>This picture is ready to hang and ready to embellish your home in a beautiful place. Treat yourself to a work of art that not only touches your walls, but also your heart. Perfect for your living room, bedroom or office &#8211; a highlight for any room.<\/p>\t\t\t\t\t\t\t\t<\/div>\n\t\t\t\t<\/div>\n\t\t\t\t<\/div>\n\t\t<div class=\"elementor-element elementor-element-317246b e-con-full e-flex e-con e-child\" data-id=\"317246b\" data-element_type=\"container\" data-e-type=\"container\">\n\t\t\t\t<div class=\"elementor-element elementor-element-d1650dc elementor-widget elementor-widget-text-editor\" data-id=\"d1650dc\" data-element_type=\"widget\" data-e-type=\"widget\" data-widget_type=\"text-editor.default\">\n\t\t\t\t<div class=\"elementor-widget-container\">\n\t\t\t\t\t\t\t\t\t<p><span style=\"text-decoration: underline;\"><em><strong>Monira&#8217;s inspiration:<\/strong><\/em><\/span><\/p><p>&#8220;For me, India is more than just a travel destination &#8211; it is a place of deep connection and inspiration. When I was there for the fifth time last winter, I once again felt the magic of this country. Indian culture and spirituality, as well as Ayurvedic treatments, help me to gather inspiration for further paintings. With my new collection, I want to capture the beauty of India, especially through the depiction of its sacred elephants and vibrant colors. Life itself is as multifaceted as the patterns and colors of my artwork, and I hope that my works can reflect the diversity and fascination of this wonderful country.<\/p><p><span data-olk-copy-source=\"MessageBody\">In my art collection I have captured lions and elephants &#8211; animals that stand for strength, dignity and the beauty of Africa and India. <\/span><\/p><p>They are unique and impressive creatures that we should protect so that future generations can also experience their splendor. With my pictures I would like to make a contribution to raising awareness and promoting the protection of these special animals.  <\/p><p>Let&#8217;s stand up together for the preservation of their habitats! <\/p><p>I donate part of my earnings to animal reserves and other charitable organizations to promote the preservation of our planet.\u201d<\/p>\t\t\t\t\t\t\t\t<\/div>\n\t\t\t\t<\/div>\n\t\t\t\t<\/div>\n\t\t\t\t\t<\/div>\n\t\t\t\t<\/div>\n\t\t<div class=\"elementor-element elementor-element-e43c6fa e-flex e-con-boxed e-con e-parent\" data-id=\"e43c6fa\" data-element_type=\"container\" data-e-type=\"container\">\n\t\t\t\t\t<div class=\"e-con-inner\">\n\t\t<div class=\"elementor-element elementor-element-54e3fdb e-con-full e-flex e-con e-child\" data-id=\"54e3fdb\" data-element_type=\"container\" data-e-type=\"container\">\n\t\t\t\t<div class=\"elementor-element elementor-element-52c52bc elementor-widget elementor-widget-image\" data-id=\"52c52bc\" data-element_type=\"widget\" data-e-type=\"widget\" data-widget_type=\"image.default\">\n\t\t\t\t<div class=\"elementor-widget-container\">\n\t\t\t\t\t\t\t\t\t\t\t\t\t\t\t<img fetchpriority=\"high\" decoding=\"async\" width=\"800\" height=\"994\" src=\"https:\/\/monira-art.de\/wp-content\/uploads\/a6a57326-cb2e-4f8f-bbbf-82874847c9e5-824x1024.jpg\" class=\"attachment-large size-large wp-image-3509\" alt=\"Amelie Monira Egenolf auf Ausstellung\" srcset=\"https:\/\/monira-art.de\/wp-content\/uploads\/a6a57326-cb2e-4f8f-bbbf-82874847c9e5-824x1024.jpg 824w, https:\/\/monira-art.de\/wp-content\/uploads\/a6a57326-cb2e-4f8f-bbbf-82874847c9e5-241x300.jpg 241w, https:\/\/monira-art.de\/wp-content\/uploads\/a6a57326-cb2e-4f8f-bbbf-82874847c9e5-768x955.jpg 768w, https:\/\/monira-art.de\/wp-content\/uploads\/a6a57326-cb2e-4f8f-bbbf-82874847c9e5-1236x1536.jpg 1236w, https:\/\/monira-art.de\/wp-content\/uploads\/a6a57326-cb2e-4f8f-bbbf-82874847c9e5-600x746.jpg 600w, https:\/\/monira-art.de\/wp-content\/uploads\/a6a57326-cb2e-4f8f-bbbf-82874847c9e5.jpg 1428w\" sizes=\"(max-width: 800px) 100vw, 800px\" \/>\t\t\t\t\t\t\t\t\t\t\t\t\t\t\t<\/div>\n\t\t\t\t<\/div>\n\t\t\t\t<\/div>\n\t\t<div class=\"elementor-element elementor-element-82a0610 e-con-full e-flex e-con e-child\" data-id=\"82a0610\" data-element_type=\"container\" data-e-type=\"container\">\n\t\t\t\t<div class=\"elementor-element elementor-element-a7c8cce elementor-widget elementor-widget-heading\" data-id=\"a7c8cce\" data-element_type=\"widget\" data-e-type=\"widget\" data-widget_type=\"heading.default\">\n\t\t\t\t<div class=\"elementor-widget-container\">\n\t\t\t\t\t<h2 class=\"elementor-heading-title elementor-size-default\">About me<\/h2>\t\t\t\t<\/div>\n\t\t\t\t<\/div>\n\t\t\t\t<div class=\"elementor-element elementor-element-0ca5a25 elementor-widget elementor-widget-text-editor\" data-id=\"0ca5a25\" data-element_type=\"widget\" data-e-type=\"widget\" data-widget_type=\"text-editor.default\">\n\t\t\t\t<div class=\"elementor-widget-container\">\n\t\t\t\t\t\t\t\t\t<p>My name is Amelie Monira Egenolf and I am a freelance artist from Lake Constance. My painting style has many influences from my numerous stays abroad in South America and Asia. Spirituality, love, family and nature are the main themes in my paintings, with the intention of conjuring up light, magic, beauty and new energy in the lives of art lovers. I mainly paint with acrylic and oil paint and mixed techniques on canvas.<\/p>\t\t\t\t\t\t\t\t<\/div>\n\t\t\t\t<\/div>\n\t\t\t\t<\/div>\n\t\t\t\t\t<\/div>\n\t\t\t\t<\/div>\n\t\t<div class=\"elementor-element elementor-element-9c1ecd0 e-flex e-con-boxed e-con e-parent\" data-id=\"9c1ecd0\" data-element_type=\"container\" data-e-type=\"container\">\n\t\t\t\t\t<div class=\"e-con-inner\">\n\t\t<div class=\"elementor-element elementor-element-3dbfc2b e-con-full e-flex e-con e-child\" data-id=\"3dbfc2b\" data-element_type=\"container\" data-e-type=\"container\">\n\t\t\t\t<div class=\"elementor-element elementor-element-6bd5859 elementor-widget elementor-widget-image\" data-id=\"6bd5859\" data-element_type=\"widget\" data-e-type=\"widget\" data-widget_type=\"image.default\">\n\t\t\t\t<div class=\"elementor-widget-container\">\n\t\t\t\t\t\t\t\t\t\t\t\t\t\t\t<img decoding=\"async\" width=\"480\" height=\"640\" src=\"https:\/\/monira-art.de\/wp-content\/uploads\/IMG_4731-rotated.jpg\" class=\"attachment-large size-large wp-image-10104\" alt=\"\u00d6lgem\u00e4lde von Elefanten h\u00e4ngt an Holzwand im Garten\" srcset=\"https:\/\/monira-art.de\/wp-content\/uploads\/IMG_4731-rotated.jpg 480w, https:\/\/monira-art.de\/wp-content\/uploads\/IMG_4731-225x300.jpg 225w\" sizes=\"(max-width: 480px) 100vw, 480px\" \/>\t\t\t\t\t\t\t\t\t\t\t\t\t\t\t<\/div>\n\t\t\t\t<\/div>\n\t\t\t\t<\/div>\n\t\t<div class=\"elementor-element elementor-element-868f13a e-con-full e-flex e-con e-child\" data-id=\"868f13a\" data-element_type=\"container\" data-e-type=\"container\">\n\t\t\t\t<div class=\"elementor-element elementor-element-184909e elementor-widget elementor-widget-heading\" data-id=\"184909e\" data-element_type=\"widget\" data-e-type=\"widget\" data-widget_type=\"heading.default\">\n\t\t\t\t<div class=\"elementor-widget-container\">\n\t\t\t\t\t<h2 class=\"elementor-heading-title elementor-size-default\">More about the collection:<\/h2>\t\t\t\t<\/div>\n\t\t\t\t<\/div>\n\t\t\t\t<div class=\"elementor-element elementor-element-3191295 elementor-widget elementor-widget-text-editor\" data-id=\"3191295\" data-element_type=\"widget\" data-e-type=\"widget\" data-widget_type=\"text-editor.default\">\n\t\t\t\t<div class=\"elementor-widget-container\">\n\t\t\t\t\t\t\t\t\t<p>Monira&#8217;s art collection embodies the vibrant essence of India through its rich patterns, majestic elephants and a kaleidoscope of colors. Each piece interweaves these elements in a complex way, creating a visual symphony that touches the soul. The patterns in Monira&#8217;s art pay homage to India&#8217;s rich cultural heritage and are inspired by traditional motifs found in textiles, architecture and everyday life. These intricate designs not only add depth and texture to her work, but also reflect India&#8217;s diverse cultural landscape. Elephants, which are revered in Indian culture as symbols of wisdom, strength and prosperity, play a prominent role in Monira&#8217;s art. Whether depicted in majestic solitude or adorned with glowing regalia, these gentle giants evoke a sense of awe and invite the viewer to reflect on the beauty and complexity of life. The colors burst forth on Monira&#8217;s canvases and provide a visual feast for the eyes. Vibrant shades of color dance across the surface, lending each piece energy and vitality. From the rich earth tones of Rajasthan to the bright blue of the Indian Ocean, the colors in Monira&#8217;s art evoke the essence of India&#8217;s landscapes and traditions. Monira&#8217;s collection focuses on themes such as love, friendship and the journey of self-discovery. Through her art, she invites the viewer to explore the intricacies of relationships, the beauty of connections and the endless possibilities that arise from life&#8217;s adventures. Essentially, Monira&#8217;s art collection serves as a captivating ode to India&#8217;s rich cultural diversity, celebrating its patterns, elephants and colors while exploring universal themes such as love, friendship and the search for meaning in life.  <\/p>\t\t\t\t\t\t\t\t<\/div>\n\t\t\t\t<\/div>\n\t\t\t\t<\/div>\n\t\t\t\t\t<\/div>\n\t\t\t\t<\/div>\n\t\t\t\t<\/div>\n\t\t","protected":false},"excerpt":{"rendered":"<p>The fascinating painting \u201cRhythm of connection\u201d was inspired by Goa and its magnificent colors.<br \/>\n100 x 50cm<br \/>\nOil painting by Monira Art.<\/p>\n","protected":false},"featured_media":10248,"comment_status":"open","ping_status":"closed","template":"","meta":[],"product_brand":[],"product_cat":[132],"product_tag":[],"product-type":[84],"class_list":{"0":"post-10242","1":"product","2":"type-product","3":"status-publish","4":"has-post-thumbnail","6":"product_cat-wildlife-collection-monira-art-en","7":"product_shipping_class-originals-de-std-en","8":"product-type-orginals-en","10":"first","11":"instock","12":"sold-individually","13":"taxable","14":"shipping-taxable","15":"purchasable","16":"product-type-simple"},"yoast_head":"<!-- This site is optimized with the Yoast SEO plugin v26.8 - https:\/\/yoast.com\/product\/yoast-seo-wordpress\/ -->\n<title>Oil Painting: Rhythm of connection | Monira Art<\/title>\n<meta name=\"description\" content=\"Oil painting \u201cRhythm of connection\u201d of elephants, inspired by Goa and its magnificent colors. 100 x 50cm, original artwork.\" \/>\n<meta name=\"robots\" content=\"index, follow, max-snippet:-1, max-image-preview:large, max-video-preview:-1\" \/>\n<link rel=\"canonical\" href=\"https:\/\/monira-art.de\/en\/shop\/oil-painting-colors-of-wisdom-kopie\/\" \/>\n<meta property=\"og:locale\" content=\"en_US\" \/>\n<meta property=\"og:type\" content=\"article\" \/>\n<meta property=\"og:title\" content=\"Oil Painting: Rhythm of connection | Monira Art\" \/>\n<meta property=\"og:description\" content=\"Oil painting \u201cRhythm of connection\u201d of elephants, inspired by Goa and its magnificent colors. 100 x 50cm, original artwork.\" \/>\n<meta property=\"og:url\" content=\"https:\/\/monira-art.de\/en\/shop\/oil-painting-colors-of-wisdom-kopie\/\" \/>\n<meta property=\"og:site_name\" content=\"Monira Art\" \/>\n<meta property=\"article:publisher\" content=\"https:\/\/facebook.com\/MONIRAART8\" \/>\n<meta property=\"article:modified_time\" content=\"2025-06-10T18:50:31+00:00\" \/>\n<meta property=\"og:image\" content=\"https:\/\/monira-art.de\/wp-content\/uploads\/IMG_4728.jpg\" \/>\n\t<meta property=\"og:image:width\" content=\"1738\" \/>\n\t<meta property=\"og:image:height\" content=\"857\" \/>\n\t<meta property=\"og:image:type\" content=\"image\/jpeg\" \/>\n<meta name=\"twitter:card\" content=\"summary_large_image\" \/>\n<script type=\"application\/ld+json\" class=\"yoast-schema-graph\">{\"@context\":\"https:\/\/schema.org\",\"@graph\":[{\"@type\":\"WebPage\",\"@id\":\"https:\/\/monira-art.de\/en\/shop\/oil-painting-colors-of-wisdom-kopie\/\",\"url\":\"https:\/\/monira-art.de\/en\/shop\/oil-painting-colors-of-wisdom-kopie\/\",\"name\":\"Oil Painting: Rhythm of connection | Monira Art\",\"isPartOf\":{\"@id\":\"https:\/\/monira-art.de\/#website\"},\"primaryImageOfPage\":{\"@id\":\"https:\/\/monira-art.de\/en\/shop\/oil-painting-colors-of-wisdom-kopie\/#primaryimage\"},\"image\":{\"@id\":\"https:\/\/monira-art.de\/en\/shop\/oil-painting-colors-of-wisdom-kopie\/#primaryimage\"},\"thumbnailUrl\":\"https:\/\/monira-art.de\/wp-content\/uploads\/IMG_4728.jpg\",\"datePublished\":\"2025-06-10T17:37:49+00:00\",\"dateModified\":\"2025-06-10T18:50:31+00:00\",\"description\":\"Oil painting \u201cRhythm of connection\u201d of elephants, inspired by Goa and its magnificent colors. 100 x 50cm, original artwork.\",\"breadcrumb\":{\"@id\":\"https:\/\/monira-art.de\/en\/shop\/oil-painting-colors-of-wisdom-kopie\/#breadcrumb\"},\"inLanguage\":\"en-US\",\"potentialAction\":[{\"@type\":\"ReadAction\",\"target\":[\"https:\/\/monira-art.de\/en\/shop\/oil-painting-colors-of-wisdom-kopie\/\"]}]},{\"@type\":\"ImageObject\",\"inLanguage\":\"en-US\",\"@id\":\"https:\/\/monira-art.de\/en\/shop\/oil-painting-colors-of-wisdom-kopie\/#primaryimage\",\"url\":\"https:\/\/monira-art.de\/wp-content\/uploads\/IMG_4728.jpg\",\"contentUrl\":\"https:\/\/monira-art.de\/wp-content\/uploads\/IMG_4728.jpg\",\"width\":1738,\"height\":857,\"caption\":\"Elephant painting by Monira Art\"},{\"@type\":\"BreadcrumbList\",\"@id\":\"https:\/\/monira-art.de\/en\/shop\/oil-painting-colors-of-wisdom-kopie\/#breadcrumb\",\"itemListElement\":[{\"@type\":\"ListItem\",\"position\":1,\"name\":\"Startseite\",\"item\":\"https:\/\/monira-art.de\/en\/home\/\"},{\"@type\":\"ListItem\",\"position\":2,\"name\":\"Shop\",\"item\":\"https:\/\/monira-art.de\/onlineshop\/\"},{\"@type\":\"ListItem\",\"position\":3,\"name\":\"Oil Painting: Rhythm of connection\"}]},{\"@type\":\"WebSite\",\"@id\":\"https:\/\/monira-art.de\/#website\",\"url\":\"https:\/\/monira-art.de\/\",\"name\":\"Monira Art\",\"description\":\"\",\"publisher\":{\"@id\":\"https:\/\/monira-art.de\/#organization\"},\"potentialAction\":[{\"@type\":\"SearchAction\",\"target\":{\"@type\":\"EntryPoint\",\"urlTemplate\":\"https:\/\/monira-art.de\/?s={search_term_string}\"},\"query-input\":{\"@type\":\"PropertyValueSpecification\",\"valueRequired\":true,\"valueName\":\"search_term_string\"}}],\"inLanguage\":\"en-US\"},{\"@type\":\"Organization\",\"@id\":\"https:\/\/monira-art.de\/#organization\",\"name\":\"Monira Art\",\"alternateName\":\"Amelie Monira Egenolf\",\"url\":\"https:\/\/monira-art.de\/\",\"logo\":{\"@type\":\"ImageObject\",\"inLanguage\":\"en-US\",\"@id\":\"https:\/\/monira-art.de\/#\/schema\/logo\/image\/\",\"url\":\"https:\/\/monira-art.de\/wp-content\/uploads\/Mask-group-1.svg\",\"contentUrl\":\"https:\/\/monira-art.de\/wp-content\/uploads\/Mask-group-1.svg\",\"width\":182,\"height\":107,\"caption\":\"Monira Art\"},\"image\":{\"@id\":\"https:\/\/monira-art.de\/#\/schema\/logo\/image\/\"},\"sameAs\":[\"https:\/\/facebook.com\/MONIRAART8\",\"https:\/\/instagram.com\/moniraart\"]}]}<\/script>\n<!-- \/ Yoast SEO plugin. -->","yoast_head_json":{"title":"Oil Painting: Rhythm of connection | Monira Art","description":"Oil painting \u201cRhythm of connection\u201d of elephants, inspired by Goa and its magnificent colors. 100 x 50cm, original artwork.","robots":{"index":"index","follow":"follow","max-snippet":"max-snippet:-1","max-image-preview":"max-image-preview:large","max-video-preview":"max-video-preview:-1"},"canonical":"https:\/\/monira-art.de\/en\/shop\/oil-painting-colors-of-wisdom-kopie\/","og_locale":"en_US","og_type":"article","og_title":"Oil Painting: Rhythm of connection | Monira Art","og_description":"Oil painting \u201cRhythm of connection\u201d of elephants, inspired by Goa and its magnificent colors. 100 x 50cm, original artwork.","og_url":"https:\/\/monira-art.de\/en\/shop\/oil-painting-colors-of-wisdom-kopie\/","og_site_name":"Monira Art","article_publisher":"https:\/\/facebook.com\/MONIRAART8","article_modified_time":"2025-06-10T18:50:31+00:00","og_image":[{"width":1738,"height":857,"url":"https:\/\/monira-art.de\/wp-content\/uploads\/IMG_4728.jpg","type":"image\/jpeg"}],"twitter_card":"summary_large_image","schema":{"@context":"https:\/\/schema.org","@graph":[{"@type":"WebPage","@id":"https:\/\/monira-art.de\/en\/shop\/oil-painting-colors-of-wisdom-kopie\/","url":"https:\/\/monira-art.de\/en\/shop\/oil-painting-colors-of-wisdom-kopie\/","name":"Oil Painting: Rhythm of connection | Monira Art","isPartOf":{"@id":"https:\/\/monira-art.de\/#website"},"primaryImageOfPage":{"@id":"https:\/\/monira-art.de\/en\/shop\/oil-painting-colors-of-wisdom-kopie\/#primaryimage"},"image":{"@id":"https:\/\/monira-art.de\/en\/shop\/oil-painting-colors-of-wisdom-kopie\/#primaryimage"},"thumbnailUrl":"https:\/\/monira-art.de\/wp-content\/uploads\/IMG_4728.jpg","datePublished":"2025-06-10T17:37:49+00:00","dateModified":"2025-06-10T18:50:31+00:00","description":"Oil painting \u201cRhythm of connection\u201d of elephants, inspired by Goa and its magnificent colors. 100 x 50cm, original artwork.","breadcrumb":{"@id":"https:\/\/monira-art.de\/en\/shop\/oil-painting-colors-of-wisdom-kopie\/#breadcrumb"},"inLanguage":"en-US","potentialAction":[{"@type":"ReadAction","target":["https:\/\/monira-art.de\/en\/shop\/oil-painting-colors-of-wisdom-kopie\/"]}]},{"@type":"ImageObject","inLanguage":"en-US","@id":"https:\/\/monira-art.de\/en\/shop\/oil-painting-colors-of-wisdom-kopie\/#primaryimage","url":"https:\/\/monira-art.de\/wp-content\/uploads\/IMG_4728.jpg","contentUrl":"https:\/\/monira-art.de\/wp-content\/uploads\/IMG_4728.jpg","width":1738,"height":857,"caption":"Elephant painting by Monira Art"},{"@type":"BreadcrumbList","@id":"https:\/\/monira-art.de\/en\/shop\/oil-painting-colors-of-wisdom-kopie\/#breadcrumb","itemListElement":[{"@type":"ListItem","position":1,"name":"Startseite","item":"https:\/\/monira-art.de\/en\/home\/"},{"@type":"ListItem","position":2,"name":"Shop","item":"https:\/\/monira-art.de\/onlineshop\/"},{"@type":"ListItem","position":3,"name":"Oil Painting: Rhythm of connection"}]},{"@type":"WebSite","@id":"https:\/\/monira-art.de\/#website","url":"https:\/\/monira-art.de\/","name":"Monira Art","description":"","publisher":{"@id":"https:\/\/monira-art.de\/#organization"},"potentialAction":[{"@type":"SearchAction","target":{"@type":"EntryPoint","urlTemplate":"https:\/\/monira-art.de\/?s={search_term_string}"},"query-input":{"@type":"PropertyValueSpecification","valueRequired":true,"valueName":"search_term_string"}}],"inLanguage":"en-US"},{"@type":"Organization","@id":"https:\/\/monira-art.de\/#organization","name":"Monira Art","alternateName":"Amelie Monira Egenolf","url":"https:\/\/monira-art.de\/","logo":{"@type":"ImageObject","inLanguage":"en-US","@id":"https:\/\/monira-art.de\/#\/schema\/logo\/image\/","url":"https:\/\/monira-art.de\/wp-content\/uploads\/Mask-group-1.svg","contentUrl":"https:\/\/monira-art.de\/wp-content\/uploads\/Mask-group-1.svg","width":182,"height":107,"caption":"Monira Art"},"image":{"@id":"https:\/\/monira-art.de\/#\/schema\/logo\/image\/"},"sameAs":["https:\/\/facebook.com\/MONIRAART8","https:\/\/instagram.com\/moniraart"]}]}},"_links":{"self":[{"href":"https:\/\/monira-art.de\/en\/wp-json\/wp\/v2\/product\/10242","targetHints":{"allow":["GET"]}}],"collection":[{"href":"https:\/\/monira-art.de\/en\/wp-json\/wp\/v2\/product"}],"about":[{"href":"https:\/\/monira-art.de\/en\/wp-json\/wp\/v2\/types\/product"}],"replies":[{"embeddable":true,"href":"https:\/\/monira-art.de\/en\/wp-json\/wp\/v2\/comments?post=10242"}],"version-history":[{"count":3,"href":"https:\/\/monira-art.de\/en\/wp-json\/wp\/v2\/product\/10242\/revisions"}],"predecessor-version":[{"id":10259,"href":"https:\/\/monira-art.de\/en\/wp-json\/wp\/v2\/product\/10242\/revisions\/10259"}],"wp:featuredmedia":[{"embeddable":true,"href":"https:\/\/monira-art.de\/en\/wp-json\/wp\/v2\/media\/10248"}],"wp:attachment":[{"href":"https:\/\/monira-art.de\/en\/wp-json\/wp\/v2\/media?parent=10242"}],"wp:term":[{"taxonomy":"product_brand","embeddable":true,"href":"https:\/\/monira-art.de\/en\/wp-json\/wp\/v2\/product_brand?post=10242"},{"taxonomy":"product_cat","embeddable":true,"href":"https:\/\/monira-art.de\/en\/wp-json\/wp\/v2\/product_cat?post=10242"},{"taxonomy":"product_tag","embeddable":true,"href":"https:\/\/monira-art.de\/en\/wp-json\/wp\/v2\/product_tag?post=10242"},{"taxonomy":"product-type","embeddable":true,"href":"https:\/\/monira-art.de\/en\/wp-json\/wp\/v2\/product-type?post=10242"}],"curies":[{"name":"wp","href":"https:\/\/api.w.org\/{rel}","templated":true}]}}