{"id":4543,"date":"2024-06-03T15:27:33","date_gmt":"2024-06-03T13:27:33","guid":{"rendered":"https:\/\/008.fastflow.marketing\/shop\/joyful-light\/"},"modified":"2025-06-06T20:59:12","modified_gmt":"2025-06-06T18:59:12","slug":"oil-painting-joyful-light","status":"publish","type":"product","link":"https:\/\/monira-art.de\/en\/shop\/oil-painting-joyful-light\/","title":{"rendered":"Floral Oil Painting: Joyful light"},"content":{"rendered":"\t\t<div data-elementor-type=\"product-post\" data-elementor-id=\"4543\" class=\"elementor elementor-4543 elementor-3772\" data-elementor-post-type=\"product\">\n\t\t\t\t<div class=\"elementor-element elementor-element-cfbf2ac e-flex e-con-boxed e-con e-parent\" data-id=\"cfbf2ac\" data-element_type=\"container\" data-e-type=\"container\">\n\t\t\t\t\t<div class=\"e-con-inner\">\n\t\t<div class=\"elementor-element elementor-element-694770c e-con-full e-flex e-con e-child\" data-id=\"694770c\" data-element_type=\"container\" data-e-type=\"container\">\n\t\t\t\t<div class=\"elementor-element elementor-element-01febd4 elementor-widget elementor-widget-text-editor\" data-id=\"01febd4\" data-element_type=\"widget\" data-e-type=\"widget\" data-widget_type=\"text-editor.default\">\n\t\t\t\t<div class=\"elementor-widget-container\">\n\t\t\t\t\t\t\t\t\t<p><em><strong>Joyful light<\/strong><\/em><\/p><p>Discover the fascinating world of nature with &#8220;Joyful Light&#8221; by Monira Art. This artistic painting captures the delicate beauty of Icelandic poppy flowers in radiant shades of orange and pink. The close-up brings the depth and vibrancy of the flowers directly into your home and makes every room blossom. Experience the magic of nature every day and add a touch of elegance and joy to your home with this beautiful picture.<\/p><p>The picture was painted in several layers with oil paints on canvas and is framed in a beautiful white shadow gap frame.<\/p><p>This picture is ready to hang and ready to embellish your home in a beautiful place. Treat yourself to a work of art that not only touches your walls, but also your heart. Perfect for your living room, bedroom or office &#8211; a highlight for any room.<\/p>\t\t\t\t\t\t\t\t<\/div>\n\t\t\t\t<\/div>\n\t\t\t\t<\/div>\n\t\t<div class=\"elementor-element elementor-element-317246b e-con-full e-flex e-con e-child\" data-id=\"317246b\" data-element_type=\"container\" data-e-type=\"container\">\n\t\t\t\t<div class=\"elementor-element elementor-element-d1650dc elementor-widget elementor-widget-text-editor\" data-id=\"d1650dc\" data-element_type=\"widget\" data-e-type=\"widget\" data-widget_type=\"text-editor.default\">\n\t\t\t\t<div class=\"elementor-widget-container\">\n\t\t\t\t\t\t\t\t\t<p><span style=\"text-decoration: underline;\"><em><strong>Monira&#8217;s inspiration:<\/strong><\/em><\/span><\/p><p>&#8220;My inspiration for my art is deeply rooted in my childhood, which I spent surrounded by nature on a large estate at the edge of the forest on Lake Constance. Plants and flowers fascinated me from an early age and I started drawing and painting them from an early age.<\/p><p>This passion was further inspired when my family specialized in bamboo plants with their nursery. Bamboo and other exotic plants have been a constant motif in my work ever since. For me, they embody harmony and tranquillity and have the unique ability to enchant any place with their beauty &#8211; be it in the garden or immortalized on canvas.<\/p><p>My art is an expression of this deep connection to nature and an invitation to experience the same peace and beauty in your home that I still feel today.&#8221;<\/p>\t\t\t\t\t\t\t\t<\/div>\n\t\t\t\t<\/div>\n\t\t\t\t<\/div>\n\t\t\t\t\t<\/div>\n\t\t\t\t<\/div>\n\t\t<div class=\"elementor-element elementor-element-e43c6fa e-flex e-con-boxed e-con e-parent\" data-id=\"e43c6fa\" data-element_type=\"container\" data-e-type=\"container\">\n\t\t\t\t\t<div class=\"e-con-inner\">\n\t\t<div class=\"elementor-element elementor-element-54e3fdb e-con-full e-flex e-con e-child\" data-id=\"54e3fdb\" data-element_type=\"container\" data-e-type=\"container\">\n\t\t\t\t<div class=\"elementor-element elementor-element-52c52bc elementor-widget elementor-widget-image\" data-id=\"52c52bc\" data-element_type=\"widget\" data-e-type=\"widget\" data-widget_type=\"image.default\">\n\t\t\t\t<div class=\"elementor-widget-container\">\n\t\t\t\t\t\t\t\t\t\t\t\t\t\t\t<img fetchpriority=\"high\" decoding=\"async\" width=\"800\" height=\"994\" src=\"https:\/\/monira-art.de\/wp-content\/uploads\/a6a57326-cb2e-4f8f-bbbf-82874847c9e5-824x1024.jpg\" class=\"attachment-large size-large wp-image-3509\" alt=\"Amelie Monira Egenolf auf Ausstellung\" srcset=\"https:\/\/monira-art.de\/wp-content\/uploads\/a6a57326-cb2e-4f8f-bbbf-82874847c9e5-824x1024.jpg 824w, https:\/\/monira-art.de\/wp-content\/uploads\/a6a57326-cb2e-4f8f-bbbf-82874847c9e5-241x300.jpg 241w, https:\/\/monira-art.de\/wp-content\/uploads\/a6a57326-cb2e-4f8f-bbbf-82874847c9e5-768x955.jpg 768w, https:\/\/monira-art.de\/wp-content\/uploads\/a6a57326-cb2e-4f8f-bbbf-82874847c9e5-1236x1536.jpg 1236w, https:\/\/monira-art.de\/wp-content\/uploads\/a6a57326-cb2e-4f8f-bbbf-82874847c9e5-600x746.jpg 600w, https:\/\/monira-art.de\/wp-content\/uploads\/a6a57326-cb2e-4f8f-bbbf-82874847c9e5.jpg 1428w\" sizes=\"(max-width: 800px) 100vw, 800px\" \/>\t\t\t\t\t\t\t\t\t\t\t\t\t\t\t<\/div>\n\t\t\t\t<\/div>\n\t\t\t\t<\/div>\n\t\t<div class=\"elementor-element elementor-element-82a0610 e-con-full e-flex e-con e-child\" data-id=\"82a0610\" data-element_type=\"container\" data-e-type=\"container\">\n\t\t\t\t<div class=\"elementor-element elementor-element-a7c8cce elementor-widget elementor-widget-heading\" data-id=\"a7c8cce\" data-element_type=\"widget\" data-e-type=\"widget\" data-widget_type=\"heading.default\">\n\t\t\t\t<div class=\"elementor-widget-container\">\n\t\t\t\t\t<h2 class=\"elementor-heading-title elementor-size-default\">About the artist<\/h2>\t\t\t\t<\/div>\n\t\t\t\t<\/div>\n\t\t\t\t<div class=\"elementor-element elementor-element-0ca5a25 elementor-widget elementor-widget-text-editor\" data-id=\"0ca5a25\" data-element_type=\"widget\" data-e-type=\"widget\" data-widget_type=\"text-editor.default\">\n\t\t\t\t<div class=\"elementor-widget-container\">\n\t\t\t\t\t\t\t\t\t<p>My name is Amelie Monira Egenolf and I am a freelance artist from Lake Constance. My painting style has many influences from my numerous stays abroad in South America and Asia. Spirituality, love, family and nature are the main themes in my paintings, with the intention of conjuring up light, magic, beauty and new energy in the lives of art lovers. I mainly paint with acrylic and oil paint and mixed techniques on canvas.<\/p>\t\t\t\t\t\t\t\t<\/div>\n\t\t\t\t<\/div>\n\t\t\t\t<\/div>\n\t\t\t\t\t<\/div>\n\t\t\t\t<\/div>\n\t\t<div class=\"elementor-element elementor-element-9c1ecd0 e-flex e-con-boxed e-con e-parent\" data-id=\"9c1ecd0\" data-element_type=\"container\" data-e-type=\"container\">\n\t\t\t\t\t<div class=\"e-con-inner\">\n\t\t<div class=\"elementor-element elementor-element-3dbfc2b e-con-full e-flex e-con e-child\" data-id=\"3dbfc2b\" data-element_type=\"container\" data-e-type=\"container\">\n\t\t\t\t<div class=\"elementor-element elementor-element-6bd5859 elementor-widget elementor-widget-image\" data-id=\"6bd5859\" data-element_type=\"widget\" data-e-type=\"widget\" data-widget_type=\"image.default\">\n\t\t\t\t<div class=\"elementor-widget-container\">\n\t\t\t\t\t\t\t\t\t\t\t\t\t\t\t<img decoding=\"async\" width=\"627\" height=\"640\" src=\"https:\/\/monira-art.de\/wp-content\/uploads\/IMG_3958.jpg\" class=\"attachment-large size-large wp-image-1753\" alt=\"Gem\u00e4lde von isl\u00e4ndischen Mohnbl\u00fcten\" srcset=\"https:\/\/monira-art.de\/wp-content\/uploads\/IMG_3958.jpg 627w, https:\/\/monira-art.de\/wp-content\/uploads\/IMG_3958-294x300.jpg 294w, https:\/\/monira-art.de\/wp-content\/uploads\/IMG_3958-600x612.jpg 600w\" sizes=\"(max-width: 627px) 100vw, 627px\" \/>\t\t\t\t\t\t\t\t\t\t\t\t\t\t\t<\/div>\n\t\t\t\t<\/div>\n\t\t\t\t<\/div>\n\t\t<div class=\"elementor-element elementor-element-868f13a e-con-full e-flex e-con e-child\" data-id=\"868f13a\" data-element_type=\"container\" data-e-type=\"container\">\n\t\t\t\t<div class=\"elementor-element elementor-element-184909e elementor-widget elementor-widget-heading\" data-id=\"184909e\" data-element_type=\"widget\" data-e-type=\"widget\" data-widget_type=\"heading.default\">\n\t\t\t\t<div class=\"elementor-widget-container\">\n\t\t\t\t\t<h2 class=\"elementor-heading-title elementor-size-default\">More about the collection:<\/h2>\t\t\t\t<\/div>\n\t\t\t\t<\/div>\n\t\t\t\t<div class=\"elementor-element elementor-element-3191295 elementor-widget elementor-widget-text-editor\" data-id=\"3191295\" data-element_type=\"widget\" data-e-type=\"widget\" data-widget_type=\"text-editor.default\">\n\t\t\t\t<div class=\"elementor-widget-container\">\n\t\t\t\t\t\t\t\t\t<p>The Nature collection from Monira is a tribute to the colorful diversity of nature. Monira loves to paint plants and animals in her own distinctive style, which is not always realistic but always captures the essence of the subject. Her works radiate a lively cheerfulness and draw the viewer into a colorful world full of fantasy.<br><br>Typical of her art are the abstract backgrounds, which she skillfully combines with colorful plants and flowers. These unusual contrasts create a unique visual experience and lend any room a cheerful and invigorating atmosphere. Monira&#8217;s Nature collection invites you to discover the beauty of nature from a new, creative perspective.<\/p>\t\t\t\t\t\t\t\t<\/div>\n\t\t\t\t<\/div>\n\t\t\t\t<\/div>\n\t\t\t\t\t<\/div>\n\t\t\t\t<\/div>\n\t\t\t\t<\/div>\n\t\t","protected":false},"excerpt":{"rendered":"<p>The painting &#8220;Joyful Light&#8221; shows beautiful Icelandic poppy flowers in shades of orange and pink.<\/p>\n<p>The picture is framed in a white wooden shadow frame. 40 x 40cm<\/p>\n<p>Oil painting on canvas by Monira Art.<\/p>\n","protected":false},"featured_media":2210,"comment_status":"open","ping_status":"closed","template":"","meta":[],"product_brand":[],"product_cat":[86],"product_tag":[],"product-type":[84],"class_list":{"0":"post-4543","1":"product","2":"type-product","3":"status-publish","4":"has-post-thumbnail","6":"product_cat-nature-collection-monira-art-en","7":"product_shipping_class-originals-de-std-en","8":"product-type-orginals-en","10":"first","11":"instock","12":"sold-individually","13":"taxable","14":"shipping-taxable","15":"purchasable","16":"product-type-simple"},"yoast_head":"<!-- This site is optimized with the Yoast SEO plugin v26.8 - https:\/\/yoast.com\/product\/yoast-seo-wordpress\/ -->\n<title>Floral Oil Painting: Joyful light | Monira Art<\/title>\n<meta name=\"description\" content=\"The floral oil painting \u201cJoyful Light\u201d shows beautiful Icelandic poppy blossoms in orange and pink tones on a dark background. Original work of art, framed\" \/>\n<meta name=\"robots\" content=\"index, follow, max-snippet:-1, max-image-preview:large, max-video-preview:-1\" \/>\n<link rel=\"canonical\" href=\"https:\/\/monira-art.de\/en\/shop\/oil-painting-joyful-light\/\" \/>\n<meta property=\"og:locale\" content=\"en_US\" \/>\n<meta property=\"og:type\" content=\"article\" \/>\n<meta property=\"og:title\" content=\"Floral Oil Painting: Joyful light | Monira Art\" \/>\n<meta property=\"og:description\" content=\"The floral oil painting \u201cJoyful Light\u201d shows beautiful Icelandic poppy blossoms in orange and pink tones on a dark background. Original work of art, framed\" \/>\n<meta property=\"og:url\" content=\"https:\/\/monira-art.de\/en\/shop\/oil-painting-joyful-light\/\" \/>\n<meta property=\"og:site_name\" content=\"Monira Art\" \/>\n<meta property=\"article:publisher\" content=\"https:\/\/facebook.com\/MONIRAART8\" \/>\n<meta property=\"article:modified_time\" content=\"2025-06-06T18:59:12+00:00\" \/>\n<meta property=\"og:image\" content=\"https:\/\/monira-art.de\/wp-content\/uploads\/IMG_3958.jpg\" \/>\n\t<meta property=\"og:image:width\" content=\"627\" \/>\n\t<meta property=\"og:image:height\" content=\"640\" \/>\n\t<meta property=\"og:image:type\" content=\"image\/jpeg\" \/>\n<meta name=\"twitter:card\" content=\"summary_large_image\" \/>\n<script type=\"application\/ld+json\" class=\"yoast-schema-graph\">{\"@context\":\"https:\/\/schema.org\",\"@graph\":[{\"@type\":\"WebPage\",\"@id\":\"https:\/\/monira-art.de\/en\/shop\/oil-painting-joyful-light\/\",\"url\":\"https:\/\/monira-art.de\/en\/shop\/oil-painting-joyful-light\/\",\"name\":\"Floral Oil Painting: Joyful light | Monira Art\",\"isPartOf\":{\"@id\":\"https:\/\/monira-art.de\/#website\"},\"primaryImageOfPage\":{\"@id\":\"https:\/\/monira-art.de\/en\/shop\/oil-painting-joyful-light\/#primaryimage\"},\"image\":{\"@id\":\"https:\/\/monira-art.de\/en\/shop\/oil-painting-joyful-light\/#primaryimage\"},\"thumbnailUrl\":\"https:\/\/monira-art.de\/wp-content\/uploads\/IMG_3958.jpg\",\"datePublished\":\"2024-06-03T13:27:33+00:00\",\"dateModified\":\"2025-06-06T18:59:12+00:00\",\"description\":\"The floral oil painting \u201cJoyful Light\u201d shows beautiful Icelandic poppy blossoms in orange and pink tones on a dark background. Original work of art, framed\",\"breadcrumb\":{\"@id\":\"https:\/\/monira-art.de\/en\/shop\/oil-painting-joyful-light\/#breadcrumb\"},\"inLanguage\":\"en-US\",\"potentialAction\":[{\"@type\":\"ReadAction\",\"target\":[\"https:\/\/monira-art.de\/en\/shop\/oil-painting-joyful-light\/\"]}]},{\"@type\":\"ImageObject\",\"inLanguage\":\"en-US\",\"@id\":\"https:\/\/monira-art.de\/en\/shop\/oil-painting-joyful-light\/#primaryimage\",\"url\":\"https:\/\/monira-art.de\/wp-content\/uploads\/IMG_3958.jpg\",\"contentUrl\":\"https:\/\/monira-art.de\/wp-content\/uploads\/IMG_3958.jpg\",\"width\":627,\"height\":640,\"caption\":\"Oil painting of Icelandic realistic poppy flowers\"},{\"@type\":\"BreadcrumbList\",\"@id\":\"https:\/\/monira-art.de\/en\/shop\/oil-painting-joyful-light\/#breadcrumb\",\"itemListElement\":[{\"@type\":\"ListItem\",\"position\":1,\"name\":\"Startseite\",\"item\":\"https:\/\/monira-art.de\/en\/home\/\"},{\"@type\":\"ListItem\",\"position\":2,\"name\":\"Shop\",\"item\":\"https:\/\/monira-art.de\/onlineshop\/\"},{\"@type\":\"ListItem\",\"position\":3,\"name\":\"Floral Oil Painting: Joyful light\"}]},{\"@type\":\"WebSite\",\"@id\":\"https:\/\/monira-art.de\/#website\",\"url\":\"https:\/\/monira-art.de\/\",\"name\":\"Monira Art\",\"description\":\"\",\"publisher\":{\"@id\":\"https:\/\/monira-art.de\/#organization\"},\"potentialAction\":[{\"@type\":\"SearchAction\",\"target\":{\"@type\":\"EntryPoint\",\"urlTemplate\":\"https:\/\/monira-art.de\/?s={search_term_string}\"},\"query-input\":{\"@type\":\"PropertyValueSpecification\",\"valueRequired\":true,\"valueName\":\"search_term_string\"}}],\"inLanguage\":\"en-US\"},{\"@type\":\"Organization\",\"@id\":\"https:\/\/monira-art.de\/#organization\",\"name\":\"Monira Art\",\"alternateName\":\"Amelie Monira Egenolf\",\"url\":\"https:\/\/monira-art.de\/\",\"logo\":{\"@type\":\"ImageObject\",\"inLanguage\":\"en-US\",\"@id\":\"https:\/\/monira-art.de\/#\/schema\/logo\/image\/\",\"url\":\"https:\/\/monira-art.de\/wp-content\/uploads\/Mask-group-1.svg\",\"contentUrl\":\"https:\/\/monira-art.de\/wp-content\/uploads\/Mask-group-1.svg\",\"width\":182,\"height\":107,\"caption\":\"Monira Art\"},\"image\":{\"@id\":\"https:\/\/monira-art.de\/#\/schema\/logo\/image\/\"},\"sameAs\":[\"https:\/\/facebook.com\/MONIRAART8\",\"https:\/\/instagram.com\/moniraart\"]}]}<\/script>\n<!-- \/ Yoast SEO plugin. -->","yoast_head_json":{"title":"Floral Oil Painting: Joyful light | Monira Art","description":"The floral oil painting \u201cJoyful Light\u201d shows beautiful Icelandic poppy blossoms in orange and pink tones on a dark background. Original work of art, framed","robots":{"index":"index","follow":"follow","max-snippet":"max-snippet:-1","max-image-preview":"max-image-preview:large","max-video-preview":"max-video-preview:-1"},"canonical":"https:\/\/monira-art.de\/en\/shop\/oil-painting-joyful-light\/","og_locale":"en_US","og_type":"article","og_title":"Floral Oil Painting: Joyful light | Monira Art","og_description":"The floral oil painting \u201cJoyful Light\u201d shows beautiful Icelandic poppy blossoms in orange and pink tones on a dark background. Original work of art, framed","og_url":"https:\/\/monira-art.de\/en\/shop\/oil-painting-joyful-light\/","og_site_name":"Monira Art","article_publisher":"https:\/\/facebook.com\/MONIRAART8","article_modified_time":"2025-06-06T18:59:12+00:00","og_image":[{"width":627,"height":640,"url":"https:\/\/monira-art.de\/wp-content\/uploads\/IMG_3958.jpg","type":"image\/jpeg"}],"twitter_card":"summary_large_image","schema":{"@context":"https:\/\/schema.org","@graph":[{"@type":"WebPage","@id":"https:\/\/monira-art.de\/en\/shop\/oil-painting-joyful-light\/","url":"https:\/\/monira-art.de\/en\/shop\/oil-painting-joyful-light\/","name":"Floral Oil Painting: Joyful light | Monira Art","isPartOf":{"@id":"https:\/\/monira-art.de\/#website"},"primaryImageOfPage":{"@id":"https:\/\/monira-art.de\/en\/shop\/oil-painting-joyful-light\/#primaryimage"},"image":{"@id":"https:\/\/monira-art.de\/en\/shop\/oil-painting-joyful-light\/#primaryimage"},"thumbnailUrl":"https:\/\/monira-art.de\/wp-content\/uploads\/IMG_3958.jpg","datePublished":"2024-06-03T13:27:33+00:00","dateModified":"2025-06-06T18:59:12+00:00","description":"The floral oil painting \u201cJoyful Light\u201d shows beautiful Icelandic poppy blossoms in orange and pink tones on a dark background. Original work of art, framed","breadcrumb":{"@id":"https:\/\/monira-art.de\/en\/shop\/oil-painting-joyful-light\/#breadcrumb"},"inLanguage":"en-US","potentialAction":[{"@type":"ReadAction","target":["https:\/\/monira-art.de\/en\/shop\/oil-painting-joyful-light\/"]}]},{"@type":"ImageObject","inLanguage":"en-US","@id":"https:\/\/monira-art.de\/en\/shop\/oil-painting-joyful-light\/#primaryimage","url":"https:\/\/monira-art.de\/wp-content\/uploads\/IMG_3958.jpg","contentUrl":"https:\/\/monira-art.de\/wp-content\/uploads\/IMG_3958.jpg","width":627,"height":640,"caption":"Oil painting of Icelandic realistic poppy flowers"},{"@type":"BreadcrumbList","@id":"https:\/\/monira-art.de\/en\/shop\/oil-painting-joyful-light\/#breadcrumb","itemListElement":[{"@type":"ListItem","position":1,"name":"Startseite","item":"https:\/\/monira-art.de\/en\/home\/"},{"@type":"ListItem","position":2,"name":"Shop","item":"https:\/\/monira-art.de\/onlineshop\/"},{"@type":"ListItem","position":3,"name":"Floral Oil Painting: Joyful light"}]},{"@type":"WebSite","@id":"https:\/\/monira-art.de\/#website","url":"https:\/\/monira-art.de\/","name":"Monira Art","description":"","publisher":{"@id":"https:\/\/monira-art.de\/#organization"},"potentialAction":[{"@type":"SearchAction","target":{"@type":"EntryPoint","urlTemplate":"https:\/\/monira-art.de\/?s={search_term_string}"},"query-input":{"@type":"PropertyValueSpecification","valueRequired":true,"valueName":"search_term_string"}}],"inLanguage":"en-US"},{"@type":"Organization","@id":"https:\/\/monira-art.de\/#organization","name":"Monira Art","alternateName":"Amelie Monira Egenolf","url":"https:\/\/monira-art.de\/","logo":{"@type":"ImageObject","inLanguage":"en-US","@id":"https:\/\/monira-art.de\/#\/schema\/logo\/image\/","url":"https:\/\/monira-art.de\/wp-content\/uploads\/Mask-group-1.svg","contentUrl":"https:\/\/monira-art.de\/wp-content\/uploads\/Mask-group-1.svg","width":182,"height":107,"caption":"Monira Art"},"image":{"@id":"https:\/\/monira-art.de\/#\/schema\/logo\/image\/"},"sameAs":["https:\/\/facebook.com\/MONIRAART8","https:\/\/instagram.com\/moniraart"]}]}},"_links":{"self":[{"href":"https:\/\/monira-art.de\/en\/wp-json\/wp\/v2\/product\/4543","targetHints":{"allow":["GET"]}}],"collection":[{"href":"https:\/\/monira-art.de\/en\/wp-json\/wp\/v2\/product"}],"about":[{"href":"https:\/\/monira-art.de\/en\/wp-json\/wp\/v2\/types\/product"}],"replies":[{"embeddable":true,"href":"https:\/\/monira-art.de\/en\/wp-json\/wp\/v2\/comments?post=4543"}],"version-history":[{"count":10,"href":"https:\/\/monira-art.de\/en\/wp-json\/wp\/v2\/product\/4543\/revisions"}],"predecessor-version":[{"id":10203,"href":"https:\/\/monira-art.de\/en\/wp-json\/wp\/v2\/product\/4543\/revisions\/10203"}],"wp:featuredmedia":[{"embeddable":true,"href":"https:\/\/monira-art.de\/en\/wp-json\/wp\/v2\/media\/2210"}],"wp:attachment":[{"href":"https:\/\/monira-art.de\/en\/wp-json\/wp\/v2\/media?parent=4543"}],"wp:term":[{"taxonomy":"product_brand","embeddable":true,"href":"https:\/\/monira-art.de\/en\/wp-json\/wp\/v2\/product_brand?post=4543"},{"taxonomy":"product_cat","embeddable":true,"href":"https:\/\/monira-art.de\/en\/wp-json\/wp\/v2\/product_cat?post=4543"},{"taxonomy":"product_tag","embeddable":true,"href":"https:\/\/monira-art.de\/en\/wp-json\/wp\/v2\/product_tag?post=4543"},{"taxonomy":"product-type","embeddable":true,"href":"https:\/\/monira-art.de\/en\/wp-json\/wp\/v2\/product-type?post=4543"}],"curies":[{"name":"wp","href":"https:\/\/api.w.org\/{rel}","templated":true}]}}